{"id":443,"date":"2024-08-23T09:24:17","date_gmt":"2024-08-23T09:24:17","guid":{"rendered":"https:\/\/888starzbets.net\/tr\/?page_id=443"},"modified":"2025-10-04T09:08:39","modified_gmt":"2025-10-04T09:08:39","slug":"promo-code","status":"publish","type":"page","link":"https:\/\/888starzbets.net\/tr\/promo-code\/","title":{"rendered":"Promosyon Kodu"},"content":{"rendered":"","protected":false},"excerpt":{"rendered":"","protected":false},"author":1,"featured_media":0,"parent":0,"menu_order":0,"comment_status":"closed","ping_status":"closed","template":"","meta":{"footnotes":""},"class_list":["post-443","page","type-page","status-publish","hentry"],"yoast_head":"<!-- This site is optimized with the Yoast SEO plugin v26.2 - https:\/\/yoast.com\/wordpress\/plugins\/seo\/ -->\n<title>888Starz T\u00fcrkiye Promosyon Kodu 2025 \ud83c\udf1f Kay\u0131t Teklifi<\/title>\n<meta name=\"description\" content=\"Spor bahisleri ve kumarhane i\u00e7in 888Starz Bonus Kodlar\u0131n\u0131 bulun \u2728 888Starz Ho\u015f Geldiniz Teklifi i\u00e7in G\u00fcncel Bonus Kodu \u27bd 888Starz Promosyon Kodunuzu \u015fimdi kullan\u0131n!\" \/>\n<meta name=\"robots\" content=\"index, follow, max-snippet:-1, max-image-preview:large, max-video-preview:-1\" \/>\n<meta property=\"og:locale\" content=\"tr_TR\" \/>\n<meta property=\"og:type\" content=\"article\" \/>\n<meta property=\"og:title\" content=\"888Starz T\u00fcrkiye Promosyon Kodu 2025 \ud83c\udf1f Kay\u0131t Teklifi\" \/>\n<meta property=\"og:description\" content=\"Spor bahisleri ve kumarhane i\u00e7in 888Starz Bonus Kodlar\u0131n\u0131 bulun \u2728 888Starz Ho\u015f Geldiniz Teklifi i\u00e7in G\u00fcncel Bonus Kodu \u27bd 888Starz Promosyon Kodunuzu \u015fimdi kullan\u0131n!\" \/>\n<meta property=\"og:url\" content=\"https:\/\/888starzbets.net\/tr\/promo-code\/\" \/>\n<meta property=\"og:site_name\" content=\"888Starz Team tr\" \/>\n<meta property=\"article:modified_time\" content=\"2025-10-04T09:08:39+00:00\" \/>\n<meta name=\"twitter:card\" content=\"summary_large_image\" \/>\n<script type=\"application\/ld+json\" class=\"yoast-schema-graph\">{\"@context\":\"https:\/\/schema.org\",\"@graph\":[{\"@type\":\"WebPage\",\"@id\":\"https:\/\/888starzbets.net\/tr\/promo-code\/\",\"url\":\"https:\/\/888starzbets.net\/tr\/promo-code\/\",\"name\":\"888Starz T\u00fcrkiye Promosyon Kodu 2025 \ud83c\udf1f Kay\u0131t Teklifi\",\"isPartOf\":{\"@id\":\"https:\/\/888starzbets.net\/tr\/#website\"},\"datePublished\":\"2024-08-23T09:24:17+00:00\",\"dateModified\":\"2025-10-04T09:08:39+00:00\",\"description\":\"Spor bahisleri ve kumarhane i\u00e7in 888Starz Bonus Kodlar\u0131n\u0131 bulun \u2728 888Starz Ho\u015f Geldiniz Teklifi i\u00e7in G\u00fcncel Bonus Kodu \u27bd 888Starz Promosyon Kodunuzu \u015fimdi kullan\u0131n!\",\"inLanguage\":\"tr\",\"potentialAction\":[{\"@type\":\"ReadAction\",\"target\":[\"https:\/\/888starzbets.net\/tr\/promo-code\/\"]}]},{\"@type\":\"WebSite\",\"@id\":\"https:\/\/888starzbets.net\/tr\/#website\",\"url\":\"https:\/\/888starzbets.net\/tr\/\",\"name\":\"888Starz Team tr\",\"description\":\"\",\"potentialAction\":[{\"@type\":\"SearchAction\",\"target\":{\"@type\":\"EntryPoint\",\"urlTemplate\":\"https:\/\/888starzbets.net\/tr\/?s={search_term_string}\"},\"query-input\":{\"@type\":\"PropertyValueSpecification\",\"valueRequired\":true,\"valueName\":\"search_term_string\"}}],\"inLanguage\":\"tr\"}]}<\/script>\n<!-- \/ Yoast SEO plugin. -->","yoast_head_json":{"title":"888Starz T\u00fcrkiye Promosyon Kodu 2025 \ud83c\udf1f Kay\u0131t Teklifi","description":"Spor bahisleri ve kumarhane i\u00e7in 888Starz Bonus Kodlar\u0131n\u0131 bulun \u2728 888Starz Ho\u015f Geldiniz Teklifi i\u00e7in G\u00fcncel Bonus Kodu \u27bd 888Starz Promosyon Kodunuzu \u015fimdi kullan\u0131n!","robots":{"index":"index","follow":"follow","max-snippet":"max-snippet:-1","max-image-preview":"max-image-preview:large","max-video-preview":"max-video-preview:-1"},"og_locale":"tr_TR","og_type":"article","og_title":"888Starz T\u00fcrkiye Promosyon Kodu 2025 \ud83c\udf1f Kay\u0131t Teklifi","og_description":"Spor bahisleri ve kumarhane i\u00e7in 888Starz Bonus Kodlar\u0131n\u0131 bulun \u2728 888Starz Ho\u015f Geldiniz Teklifi i\u00e7in G\u00fcncel Bonus Kodu \u27bd 888Starz Promosyon Kodunuzu \u015fimdi kullan\u0131n!","og_url":"https:\/\/888starzbets.net\/tr\/promo-code\/","og_site_name":"888Starz Team tr","article_modified_time":"2025-10-04T09:08:39+00:00","twitter_card":"summary_large_image","schema":{"@context":"https:\/\/schema.org","@graph":[{"@type":"WebPage","@id":"https:\/\/888starzbets.net\/tr\/promo-code\/","url":"https:\/\/888starzbets.net\/tr\/promo-code\/","name":"888Starz T\u00fcrkiye Promosyon Kodu 2025 \ud83c\udf1f Kay\u0131t Teklifi","isPartOf":{"@id":"https:\/\/888starzbets.net\/tr\/#website"},"datePublished":"2024-08-23T09:24:17+00:00","dateModified":"2025-10-04T09:08:39+00:00","description":"Spor bahisleri ve kumarhane i\u00e7in 888Starz Bonus Kodlar\u0131n\u0131 bulun \u2728 888Starz Ho\u015f Geldiniz Teklifi i\u00e7in G\u00fcncel Bonus Kodu \u27bd 888Starz Promosyon Kodunuzu \u015fimdi kullan\u0131n!","inLanguage":"tr","potentialAction":[{"@type":"ReadAction","target":["https:\/\/888starzbets.net\/tr\/promo-code\/"]}]},{"@type":"WebSite","@id":"https:\/\/888starzbets.net\/tr\/#website","url":"https:\/\/888starzbets.net\/tr\/","name":"888Starz Team tr","description":"","potentialAction":[{"@type":"SearchAction","target":{"@type":"EntryPoint","urlTemplate":"https:\/\/888starzbets.net\/tr\/?s={search_term_string}"},"query-input":{"@type":"PropertyValueSpecification","valueRequired":true,"valueName":"search_term_string"}}],"inLanguage":"tr"}]}},"_links":{"self":[{"href":"https:\/\/888starzbets.net\/tr\/wp-json\/wp\/v2\/pages\/443","targetHints":{"allow":["GET"]}}],"collection":[{"href":"https:\/\/888starzbets.net\/tr\/wp-json\/wp\/v2\/pages"}],"about":[{"href":"https:\/\/888starzbets.net\/tr\/wp-json\/wp\/v2\/types\/page"}],"author":[{"embeddable":true,"href":"https:\/\/888starzbets.net\/tr\/wp-json\/wp\/v2\/users\/1"}],"replies":[{"embeddable":true,"href":"https:\/\/888starzbets.net\/tr\/wp-json\/wp\/v2\/comments?post=443"}],"version-history":[{"count":19,"href":"https:\/\/888starzbets.net\/tr\/wp-json\/wp\/v2\/pages\/443\/revisions"}],"predecessor-version":[{"id":865,"href":"https:\/\/888starzbets.net\/tr\/wp-json\/wp\/v2\/pages\/443\/revisions\/865"}],"wp:attachment":[{"href":"https:\/\/888starzbets.net\/tr\/wp-json\/wp\/v2\/media?parent=443"}],"curies":[{"name":"wp","href":"https:\/\/api.w.org\/{rel}","templated":true}]}}