{"id":502,"date":"2024-08-27T11:58:21","date_gmt":"2024-08-27T11:58:21","guid":{"rendered":"https:\/\/888starzbets.net\/tr\/?page_id=502"},"modified":"2025-09-14T11:14:35","modified_gmt":"2025-09-14T11:14:35","slug":"login","status":"publish","type":"page","link":"https:\/\/888starzbets.net\/tr\/login\/","title":{"rendered":"Giri\u015f"},"content":{"rendered":"","protected":false},"excerpt":{"rendered":"","protected":false},"author":1,"featured_media":0,"parent":0,"menu_order":0,"comment_status":"closed","ping_status":"closed","template":"","meta":{"footnotes":""},"class_list":["post-502","page","type-page","status-publish","hentry"],"yoast_head":"<!-- This site is optimized with the Yoast SEO plugin v26.2 - https:\/\/yoast.com\/wordpress\/plugins\/seo\/ -->\n<title>888Starz T\u00fcrkiye Giri\u015f \u1409 888Starz Hesab\u0131na Giri\u015f Yap<\/title>\n<meta name=\"description\" content=\"888Starz Spor Bahisleri ve Casino&#039;ya giri\u015f yap\u0131n ve ki\u015fiselle\u015ftirilmi\u015f bonuslar kazan\u0131n \u2713 888Starz Giri\u015f Sayfas\u0131 \u27a5 Mobil ve PC&#039;den yetkilendirme \u2713 Ad\u0131m Ad\u0131m 888Starz Giri\u015f K\u0131lavuzu\" \/>\n<meta name=\"robots\" content=\"index, follow, max-snippet:-1, max-image-preview:large, max-video-preview:-1\" \/>\n<meta property=\"og:locale\" content=\"tr_TR\" \/>\n<meta property=\"og:type\" content=\"article\" \/>\n<meta property=\"og:title\" content=\"888Starz T\u00fcrkiye Giri\u015f \u1409 888Starz Hesab\u0131na Giri\u015f Yap\" \/>\n<meta property=\"og:description\" content=\"888Starz Spor Bahisleri ve Casino&#039;ya giri\u015f yap\u0131n ve ki\u015fiselle\u015ftirilmi\u015f bonuslar kazan\u0131n \u2713 888Starz Giri\u015f Sayfas\u0131 \u27a5 Mobil ve PC&#039;den yetkilendirme \u2713 Ad\u0131m Ad\u0131m 888Starz Giri\u015f K\u0131lavuzu\" \/>\n<meta property=\"og:url\" content=\"https:\/\/888starzbets.net\/tr\/login\/\" \/>\n<meta property=\"og:site_name\" content=\"888Starz Team tr\" \/>\n<meta property=\"article:modified_time\" content=\"2025-09-14T11:14:35+00:00\" \/>\n<meta name=\"twitter:card\" content=\"summary_large_image\" \/>\n<script type=\"application\/ld+json\" class=\"yoast-schema-graph\">{\"@context\":\"https:\/\/schema.org\",\"@graph\":[{\"@type\":\"WebPage\",\"@id\":\"https:\/\/888starzbets.net\/tr\/login\/\",\"url\":\"https:\/\/888starzbets.net\/tr\/login\/\",\"name\":\"888Starz T\u00fcrkiye Giri\u015f \u1409 888Starz Hesab\u0131na Giri\u015f Yap\",\"isPartOf\":{\"@id\":\"https:\/\/888starzbets.net\/tr\/#website\"},\"datePublished\":\"2024-08-27T11:58:21+00:00\",\"dateModified\":\"2025-09-14T11:14:35+00:00\",\"description\":\"888Starz Spor Bahisleri ve Casino'ya giri\u015f yap\u0131n ve ki\u015fiselle\u015ftirilmi\u015f bonuslar kazan\u0131n \u2713 888Starz Giri\u015f Sayfas\u0131 \u27a5 Mobil ve PC'den yetkilendirme \u2713 Ad\u0131m Ad\u0131m 888Starz Giri\u015f K\u0131lavuzu\",\"inLanguage\":\"tr\",\"potentialAction\":[{\"@type\":\"ReadAction\",\"target\":[\"https:\/\/888starzbets.net\/tr\/login\/\"]}]},{\"@type\":\"WebSite\",\"@id\":\"https:\/\/888starzbets.net\/tr\/#website\",\"url\":\"https:\/\/888starzbets.net\/tr\/\",\"name\":\"888Starz Team tr\",\"description\":\"\",\"potentialAction\":[{\"@type\":\"SearchAction\",\"target\":{\"@type\":\"EntryPoint\",\"urlTemplate\":\"https:\/\/888starzbets.net\/tr\/?s={search_term_string}\"},\"query-input\":{\"@type\":\"PropertyValueSpecification\",\"valueRequired\":true,\"valueName\":\"search_term_string\"}}],\"inLanguage\":\"tr\"}]}<\/script>\n<!-- \/ Yoast SEO plugin. -->","yoast_head_json":{"title":"888Starz T\u00fcrkiye Giri\u015f \u1409 888Starz Hesab\u0131na Giri\u015f Yap","description":"888Starz Spor Bahisleri ve Casino'ya giri\u015f yap\u0131n ve ki\u015fiselle\u015ftirilmi\u015f bonuslar kazan\u0131n \u2713 888Starz Giri\u015f Sayfas\u0131 \u27a5 Mobil ve PC'den yetkilendirme \u2713 Ad\u0131m Ad\u0131m 888Starz Giri\u015f K\u0131lavuzu","robots":{"index":"index","follow":"follow","max-snippet":"max-snippet:-1","max-image-preview":"max-image-preview:large","max-video-preview":"max-video-preview:-1"},"og_locale":"tr_TR","og_type":"article","og_title":"888Starz T\u00fcrkiye Giri\u015f \u1409 888Starz Hesab\u0131na Giri\u015f Yap","og_description":"888Starz Spor Bahisleri ve Casino'ya giri\u015f yap\u0131n ve ki\u015fiselle\u015ftirilmi\u015f bonuslar kazan\u0131n \u2713 888Starz Giri\u015f Sayfas\u0131 \u27a5 Mobil ve PC'den yetkilendirme \u2713 Ad\u0131m Ad\u0131m 888Starz Giri\u015f K\u0131lavuzu","og_url":"https:\/\/888starzbets.net\/tr\/login\/","og_site_name":"888Starz Team tr","article_modified_time":"2025-09-14T11:14:35+00:00","twitter_card":"summary_large_image","schema":{"@context":"https:\/\/schema.org","@graph":[{"@type":"WebPage","@id":"https:\/\/888starzbets.net\/tr\/login\/","url":"https:\/\/888starzbets.net\/tr\/login\/","name":"888Starz T\u00fcrkiye Giri\u015f \u1409 888Starz Hesab\u0131na Giri\u015f Yap","isPartOf":{"@id":"https:\/\/888starzbets.net\/tr\/#website"},"datePublished":"2024-08-27T11:58:21+00:00","dateModified":"2025-09-14T11:14:35+00:00","description":"888Starz Spor Bahisleri ve Casino'ya giri\u015f yap\u0131n ve ki\u015fiselle\u015ftirilmi\u015f bonuslar kazan\u0131n \u2713 888Starz Giri\u015f Sayfas\u0131 \u27a5 Mobil ve PC'den yetkilendirme \u2713 Ad\u0131m Ad\u0131m 888Starz Giri\u015f K\u0131lavuzu","inLanguage":"tr","potentialAction":[{"@type":"ReadAction","target":["https:\/\/888starzbets.net\/tr\/login\/"]}]},{"@type":"WebSite","@id":"https:\/\/888starzbets.net\/tr\/#website","url":"https:\/\/888starzbets.net\/tr\/","name":"888Starz Team tr","description":"","potentialAction":[{"@type":"SearchAction","target":{"@type":"EntryPoint","urlTemplate":"https:\/\/888starzbets.net\/tr\/?s={search_term_string}"},"query-input":{"@type":"PropertyValueSpecification","valueRequired":true,"valueName":"search_term_string"}}],"inLanguage":"tr"}]}},"_links":{"self":[{"href":"https:\/\/888starzbets.net\/tr\/wp-json\/wp\/v2\/pages\/502","targetHints":{"allow":["GET"]}}],"collection":[{"href":"https:\/\/888starzbets.net\/tr\/wp-json\/wp\/v2\/pages"}],"about":[{"href":"https:\/\/888starzbets.net\/tr\/wp-json\/wp\/v2\/types\/page"}],"author":[{"embeddable":true,"href":"https:\/\/888starzbets.net\/tr\/wp-json\/wp\/v2\/users\/1"}],"replies":[{"embeddable":true,"href":"https:\/\/888starzbets.net\/tr\/wp-json\/wp\/v2\/comments?post=502"}],"version-history":[{"count":20,"href":"https:\/\/888starzbets.net\/tr\/wp-json\/wp\/v2\/pages\/502\/revisions"}],"predecessor-version":[{"id":841,"href":"https:\/\/888starzbets.net\/tr\/wp-json\/wp\/v2\/pages\/502\/revisions\/841"}],"wp:attachment":[{"href":"https:\/\/888starzbets.net\/tr\/wp-json\/wp\/v2\/media?parent=502"}],"curies":[{"name":"wp","href":"https:\/\/api.w.org\/{rel}","templated":true}]}}