{"id":693,"date":"2025-05-07T08:06:24","date_gmt":"2025-05-07T08:06:24","guid":{"rendered":"https:\/\/888starzbets.net\/tr\/?page_id=693"},"modified":"2025-10-04T09:06:35","modified_gmt":"2025-10-04T09:06:35","slug":"welcome-pack","status":"publish","type":"page","link":"https:\/\/888starzbets.net\/tr\/bonus\/welcome-pack\/","title":{"rendered":"Ho\u015f geldiniz paketi"},"content":{"rendered":"","protected":false},"excerpt":{"rendered":"","protected":false},"author":1,"featured_media":0,"parent":152,"menu_order":0,"comment_status":"closed","ping_status":"closed","template":"","meta":{"footnotes":""},"class_list":["post-693","page","type-page","status-publish","hentry"],"yoast_head":"<!-- This site is optimized with the Yoast SEO plugin v26.2 - https:\/\/yoast.com\/wordpress\/plugins\/seo\/ -->\n<title>888Starz 1500 EUR ve 150 FS&#039;ye kadar ho\u015f geldin paketi<\/title>\n<meta name=\"description\" content=\"72.800 TRY ve 150 \u00fccretsiz d\u00f6n\u00fc\u015f i\u00e7eren ho\u015f geldiniz paketinizi al\u0131n! Bir hesap olu\u015fturun, sadece 490 TRY yat\u0131r\u0131n ve bonusunuzu otomatik olarak etkinle\u015ftirin. Kazanma \u015fans\u0131n\u0131z\u0131 ka\u00e7\u0131rmay\u0131n - hemen oyuna kat\u0131l\u0131n!\" \/>\n<meta name=\"robots\" content=\"index, follow, max-snippet:-1, max-image-preview:large, max-video-preview:-1\" \/>\n<meta property=\"og:locale\" content=\"tr_TR\" \/>\n<meta property=\"og:type\" content=\"article\" \/>\n<meta property=\"og:title\" content=\"888Starz 1500 EUR ve 150 FS&#039;ye kadar ho\u015f geldin paketi\" \/>\n<meta property=\"og:description\" content=\"72.800 TRY ve 150 \u00fccretsiz d\u00f6n\u00fc\u015f i\u00e7eren ho\u015f geldiniz paketinizi al\u0131n! Bir hesap olu\u015fturun, sadece 490 TRY yat\u0131r\u0131n ve bonusunuzu otomatik olarak etkinle\u015ftirin. Kazanma \u015fans\u0131n\u0131z\u0131 ka\u00e7\u0131rmay\u0131n - hemen oyuna kat\u0131l\u0131n!\" \/>\n<meta property=\"og:url\" content=\"https:\/\/888starzbets.net\/tr\/bonus\/welcome-pack\/\" \/>\n<meta property=\"og:site_name\" content=\"888Starz Team tr\" \/>\n<meta property=\"article:modified_time\" content=\"2025-10-04T09:06:35+00:00\" \/>\n<meta name=\"twitter:card\" content=\"summary_large_image\" \/>\n<script type=\"application\/ld+json\" class=\"yoast-schema-graph\">{\"@context\":\"https:\/\/schema.org\",\"@graph\":[{\"@type\":\"WebPage\",\"@id\":\"https:\/\/888starzbets.net\/tr\/bonus\/welcome-pack\/\",\"url\":\"https:\/\/888starzbets.net\/tr\/bonus\/welcome-pack\/\",\"name\":\"888Starz 1500 EUR ve 150 FS'ye kadar ho\u015f geldin paketi\",\"isPartOf\":{\"@id\":\"https:\/\/888starzbets.net\/tr\/#website\"},\"datePublished\":\"2025-05-07T08:06:24+00:00\",\"dateModified\":\"2025-10-04T09:06:35+00:00\",\"description\":\"72.800 TRY ve 150 \u00fccretsiz d\u00f6n\u00fc\u015f i\u00e7eren ho\u015f geldiniz paketinizi al\u0131n! Bir hesap olu\u015fturun, sadece 490 TRY yat\u0131r\u0131n ve bonusunuzu otomatik olarak etkinle\u015ftirin. Kazanma \u015fans\u0131n\u0131z\u0131 ka\u00e7\u0131rmay\u0131n - hemen oyuna kat\u0131l\u0131n!\",\"breadcrumb\":{\"@id\":\"https:\/\/888starzbets.net\/tr\/bonus\/welcome-pack\/#breadcrumb\"},\"inLanguage\":\"tr\",\"potentialAction\":[{\"@type\":\"ReadAction\",\"target\":[\"https:\/\/888starzbets.net\/tr\/bonus\/welcome-pack\/\"]}]},{\"@type\":\"BreadcrumbList\",\"@id\":\"https:\/\/888starzbets.net\/tr\/bonus\/welcome-pack\/#breadcrumb\",\"itemListElement\":[{\"@type\":\"ListItem\",\"position\":1,\"name\":\"Bonuslar\",\"item\":\"https:\/\/888starzbets.net\/tr\/bonus\/\"},{\"@type\":\"ListItem\",\"position\":2,\"name\":\"Ho\u015f geldiniz paketi\"}]},{\"@type\":\"WebSite\",\"@id\":\"https:\/\/888starzbets.net\/tr\/#website\",\"url\":\"https:\/\/888starzbets.net\/tr\/\",\"name\":\"888Starz Team tr\",\"description\":\"\",\"potentialAction\":[{\"@type\":\"SearchAction\",\"target\":{\"@type\":\"EntryPoint\",\"urlTemplate\":\"https:\/\/888starzbets.net\/tr\/?s={search_term_string}\"},\"query-input\":{\"@type\":\"PropertyValueSpecification\",\"valueRequired\":true,\"valueName\":\"search_term_string\"}}],\"inLanguage\":\"tr\"}]}<\/script>\n<!-- \/ Yoast SEO plugin. -->","yoast_head_json":{"title":"888Starz 1500 EUR ve 150 FS'ye kadar ho\u015f geldin paketi","description":"72.800 TRY ve 150 \u00fccretsiz d\u00f6n\u00fc\u015f i\u00e7eren ho\u015f geldiniz paketinizi al\u0131n! Bir hesap olu\u015fturun, sadece 490 TRY yat\u0131r\u0131n ve bonusunuzu otomatik olarak etkinle\u015ftirin. Kazanma \u015fans\u0131n\u0131z\u0131 ka\u00e7\u0131rmay\u0131n - hemen oyuna kat\u0131l\u0131n!","robots":{"index":"index","follow":"follow","max-snippet":"max-snippet:-1","max-image-preview":"max-image-preview:large","max-video-preview":"max-video-preview:-1"},"og_locale":"tr_TR","og_type":"article","og_title":"888Starz 1500 EUR ve 150 FS'ye kadar ho\u015f geldin paketi","og_description":"72.800 TRY ve 150 \u00fccretsiz d\u00f6n\u00fc\u015f i\u00e7eren ho\u015f geldiniz paketinizi al\u0131n! Bir hesap olu\u015fturun, sadece 490 TRY yat\u0131r\u0131n ve bonusunuzu otomatik olarak etkinle\u015ftirin. Kazanma \u015fans\u0131n\u0131z\u0131 ka\u00e7\u0131rmay\u0131n - hemen oyuna kat\u0131l\u0131n!","og_url":"https:\/\/888starzbets.net\/tr\/bonus\/welcome-pack\/","og_site_name":"888Starz Team tr","article_modified_time":"2025-10-04T09:06:35+00:00","twitter_card":"summary_large_image","schema":{"@context":"https:\/\/schema.org","@graph":[{"@type":"WebPage","@id":"https:\/\/888starzbets.net\/tr\/bonus\/welcome-pack\/","url":"https:\/\/888starzbets.net\/tr\/bonus\/welcome-pack\/","name":"888Starz 1500 EUR ve 150 FS'ye kadar ho\u015f geldin paketi","isPartOf":{"@id":"https:\/\/888starzbets.net\/tr\/#website"},"datePublished":"2025-05-07T08:06:24+00:00","dateModified":"2025-10-04T09:06:35+00:00","description":"72.800 TRY ve 150 \u00fccretsiz d\u00f6n\u00fc\u015f i\u00e7eren ho\u015f geldiniz paketinizi al\u0131n! Bir hesap olu\u015fturun, sadece 490 TRY yat\u0131r\u0131n ve bonusunuzu otomatik olarak etkinle\u015ftirin. Kazanma \u015fans\u0131n\u0131z\u0131 ka\u00e7\u0131rmay\u0131n - hemen oyuna kat\u0131l\u0131n!","breadcrumb":{"@id":"https:\/\/888starzbets.net\/tr\/bonus\/welcome-pack\/#breadcrumb"},"inLanguage":"tr","potentialAction":[{"@type":"ReadAction","target":["https:\/\/888starzbets.net\/tr\/bonus\/welcome-pack\/"]}]},{"@type":"BreadcrumbList","@id":"https:\/\/888starzbets.net\/tr\/bonus\/welcome-pack\/#breadcrumb","itemListElement":[{"@type":"ListItem","position":1,"name":"Bonuslar","item":"https:\/\/888starzbets.net\/tr\/bonus\/"},{"@type":"ListItem","position":2,"name":"Ho\u015f geldiniz paketi"}]},{"@type":"WebSite","@id":"https:\/\/888starzbets.net\/tr\/#website","url":"https:\/\/888starzbets.net\/tr\/","name":"888Starz Team tr","description":"","potentialAction":[{"@type":"SearchAction","target":{"@type":"EntryPoint","urlTemplate":"https:\/\/888starzbets.net\/tr\/?s={search_term_string}"},"query-input":{"@type":"PropertyValueSpecification","valueRequired":true,"valueName":"search_term_string"}}],"inLanguage":"tr"}]}},"_links":{"self":[{"href":"https:\/\/888starzbets.net\/tr\/wp-json\/wp\/v2\/pages\/693","targetHints":{"allow":["GET"]}}],"collection":[{"href":"https:\/\/888starzbets.net\/tr\/wp-json\/wp\/v2\/pages"}],"about":[{"href":"https:\/\/888starzbets.net\/tr\/wp-json\/wp\/v2\/types\/page"}],"author":[{"embeddable":true,"href":"https:\/\/888starzbets.net\/tr\/wp-json\/wp\/v2\/users\/1"}],"replies":[{"embeddable":true,"href":"https:\/\/888starzbets.net\/tr\/wp-json\/wp\/v2\/comments?post=693"}],"version-history":[{"count":13,"href":"https:\/\/888starzbets.net\/tr\/wp-json\/wp\/v2\/pages\/693\/revisions"}],"predecessor-version":[{"id":863,"href":"https:\/\/888starzbets.net\/tr\/wp-json\/wp\/v2\/pages\/693\/revisions\/863"}],"up":[{"embeddable":true,"href":"https:\/\/888starzbets.net\/tr\/wp-json\/wp\/v2\/pages\/152"}],"wp:attachment":[{"href":"https:\/\/888starzbets.net\/tr\/wp-json\/wp\/v2\/media?parent=693"}],"curies":[{"name":"wp","href":"https:\/\/api.w.org\/{rel}","templated":true}]}}