{"id":711,"date":"2025-05-07T09:19:26","date_gmt":"2025-05-07T09:19:26","guid":{"rendered":"https:\/\/888starzbets.net\/tr\/?page_id=711"},"modified":"2025-10-04T09:06:43","modified_gmt":"2025-10-04T09:06:43","slug":"freebet-in-app","status":"publish","type":"page","link":"https:\/\/888starzbets.net\/tr\/bonus\/freebet-in-app\/","title":{"rendered":"Uygulamada \u00fccretsiz bahis"},"content":{"rendered":"","protected":false},"excerpt":{"rendered":"","protected":false},"author":1,"featured_media":0,"parent":152,"menu_order":0,"comment_status":"closed","ping_status":"closed","template":"","meta":{"footnotes":""},"class_list":["post-711","page","type-page","status-publish","hentry"],"yoast_head":"<!-- This site is optimized with the Yoast SEO plugin v26.2 - https:\/\/yoast.com\/wordpress\/plugins\/seo\/ -->\n<title>888Starz \u00dccretsiz uygulama i\u00e7i bahis | 145 TRY&#039;ye kadar kazan\u0131n!<\/title>\n<meta name=\"description\" content=\"Uygulamadan \u00fccretsiz bahis hakk\u0131n\u0131z\u0131 al\u0131n! 50 TRY&#039;den ba\u015flayan bahisler yap\u0131n, basit ko\u015fullar\u0131 yerine getirin ve 145 TRY&#039;ye kadar kazan\u0131n. Uygulamay\u0131 y\u00fckleyin, hesab\u0131n\u0131z\u0131 etkinle\u015ftirin ve bug\u00fcn kazanmaya ba\u015flay\u0131n!\" \/>\n<meta name=\"robots\" content=\"index, follow, max-snippet:-1, max-image-preview:large, max-video-preview:-1\" \/>\n<meta property=\"og:locale\" content=\"tr_TR\" \/>\n<meta property=\"og:type\" content=\"article\" \/>\n<meta property=\"og:title\" content=\"888Starz \u00dccretsiz uygulama i\u00e7i bahis | 145 TRY&#039;ye kadar kazan\u0131n!\" \/>\n<meta property=\"og:description\" content=\"Uygulamadan \u00fccretsiz bahis hakk\u0131n\u0131z\u0131 al\u0131n! 50 TRY&#039;den ba\u015flayan bahisler yap\u0131n, basit ko\u015fullar\u0131 yerine getirin ve 145 TRY&#039;ye kadar kazan\u0131n. Uygulamay\u0131 y\u00fckleyin, hesab\u0131n\u0131z\u0131 etkinle\u015ftirin ve bug\u00fcn kazanmaya ba\u015flay\u0131n!\" \/>\n<meta property=\"og:url\" content=\"https:\/\/888starzbets.net\/tr\/bonus\/freebet-in-app\/\" \/>\n<meta property=\"og:site_name\" content=\"888Starz Team tr\" \/>\n<meta property=\"article:modified_time\" content=\"2025-10-04T09:06:43+00:00\" \/>\n<meta name=\"twitter:card\" content=\"summary_large_image\" \/>\n<script type=\"application\/ld+json\" class=\"yoast-schema-graph\">{\"@context\":\"https:\/\/schema.org\",\"@graph\":[{\"@type\":\"WebPage\",\"@id\":\"https:\/\/888starzbets.net\/tr\/bonus\/freebet-in-app\/\",\"url\":\"https:\/\/888starzbets.net\/tr\/bonus\/freebet-in-app\/\",\"name\":\"888Starz \u00dccretsiz uygulama i\u00e7i bahis | 145 TRY'ye kadar kazan\u0131n!\",\"isPartOf\":{\"@id\":\"https:\/\/888starzbets.net\/tr\/#website\"},\"datePublished\":\"2025-05-07T09:19:26+00:00\",\"dateModified\":\"2025-10-04T09:06:43+00:00\",\"description\":\"Uygulamadan \u00fccretsiz bahis hakk\u0131n\u0131z\u0131 al\u0131n! 50 TRY'den ba\u015flayan bahisler yap\u0131n, basit ko\u015fullar\u0131 yerine getirin ve 145 TRY'ye kadar kazan\u0131n. Uygulamay\u0131 y\u00fckleyin, hesab\u0131n\u0131z\u0131 etkinle\u015ftirin ve bug\u00fcn kazanmaya ba\u015flay\u0131n!\",\"breadcrumb\":{\"@id\":\"https:\/\/888starzbets.net\/tr\/bonus\/freebet-in-app\/#breadcrumb\"},\"inLanguage\":\"tr\",\"potentialAction\":[{\"@type\":\"ReadAction\",\"target\":[\"https:\/\/888starzbets.net\/tr\/bonus\/freebet-in-app\/\"]}]},{\"@type\":\"BreadcrumbList\",\"@id\":\"https:\/\/888starzbets.net\/tr\/bonus\/freebet-in-app\/#breadcrumb\",\"itemListElement\":[{\"@type\":\"ListItem\",\"position\":1,\"name\":\"Bonuslar\",\"item\":\"https:\/\/888starzbets.net\/tr\/bonus\/\"},{\"@type\":\"ListItem\",\"position\":2,\"name\":\"Uygulamada \u00fccretsiz bahis\"}]},{\"@type\":\"WebSite\",\"@id\":\"https:\/\/888starzbets.net\/tr\/#website\",\"url\":\"https:\/\/888starzbets.net\/tr\/\",\"name\":\"888Starz Team tr\",\"description\":\"\",\"potentialAction\":[{\"@type\":\"SearchAction\",\"target\":{\"@type\":\"EntryPoint\",\"urlTemplate\":\"https:\/\/888starzbets.net\/tr\/?s={search_term_string}\"},\"query-input\":{\"@type\":\"PropertyValueSpecification\",\"valueRequired\":true,\"valueName\":\"search_term_string\"}}],\"inLanguage\":\"tr\"}]}<\/script>\n<!-- \/ Yoast SEO plugin. -->","yoast_head_json":{"title":"888Starz \u00dccretsiz uygulama i\u00e7i bahis | 145 TRY'ye kadar kazan\u0131n!","description":"Uygulamadan \u00fccretsiz bahis hakk\u0131n\u0131z\u0131 al\u0131n! 50 TRY'den ba\u015flayan bahisler yap\u0131n, basit ko\u015fullar\u0131 yerine getirin ve 145 TRY'ye kadar kazan\u0131n. Uygulamay\u0131 y\u00fckleyin, hesab\u0131n\u0131z\u0131 etkinle\u015ftirin ve bug\u00fcn kazanmaya ba\u015flay\u0131n!","robots":{"index":"index","follow":"follow","max-snippet":"max-snippet:-1","max-image-preview":"max-image-preview:large","max-video-preview":"max-video-preview:-1"},"og_locale":"tr_TR","og_type":"article","og_title":"888Starz \u00dccretsiz uygulama i\u00e7i bahis | 145 TRY'ye kadar kazan\u0131n!","og_description":"Uygulamadan \u00fccretsiz bahis hakk\u0131n\u0131z\u0131 al\u0131n! 50 TRY'den ba\u015flayan bahisler yap\u0131n, basit ko\u015fullar\u0131 yerine getirin ve 145 TRY'ye kadar kazan\u0131n. Uygulamay\u0131 y\u00fckleyin, hesab\u0131n\u0131z\u0131 etkinle\u015ftirin ve bug\u00fcn kazanmaya ba\u015flay\u0131n!","og_url":"https:\/\/888starzbets.net\/tr\/bonus\/freebet-in-app\/","og_site_name":"888Starz Team tr","article_modified_time":"2025-10-04T09:06:43+00:00","twitter_card":"summary_large_image","schema":{"@context":"https:\/\/schema.org","@graph":[{"@type":"WebPage","@id":"https:\/\/888starzbets.net\/tr\/bonus\/freebet-in-app\/","url":"https:\/\/888starzbets.net\/tr\/bonus\/freebet-in-app\/","name":"888Starz \u00dccretsiz uygulama i\u00e7i bahis | 145 TRY'ye kadar kazan\u0131n!","isPartOf":{"@id":"https:\/\/888starzbets.net\/tr\/#website"},"datePublished":"2025-05-07T09:19:26+00:00","dateModified":"2025-10-04T09:06:43+00:00","description":"Uygulamadan \u00fccretsiz bahis hakk\u0131n\u0131z\u0131 al\u0131n! 50 TRY'den ba\u015flayan bahisler yap\u0131n, basit ko\u015fullar\u0131 yerine getirin ve 145 TRY'ye kadar kazan\u0131n. Uygulamay\u0131 y\u00fckleyin, hesab\u0131n\u0131z\u0131 etkinle\u015ftirin ve bug\u00fcn kazanmaya ba\u015flay\u0131n!","breadcrumb":{"@id":"https:\/\/888starzbets.net\/tr\/bonus\/freebet-in-app\/#breadcrumb"},"inLanguage":"tr","potentialAction":[{"@type":"ReadAction","target":["https:\/\/888starzbets.net\/tr\/bonus\/freebet-in-app\/"]}]},{"@type":"BreadcrumbList","@id":"https:\/\/888starzbets.net\/tr\/bonus\/freebet-in-app\/#breadcrumb","itemListElement":[{"@type":"ListItem","position":1,"name":"Bonuslar","item":"https:\/\/888starzbets.net\/tr\/bonus\/"},{"@type":"ListItem","position":2,"name":"Uygulamada \u00fccretsiz bahis"}]},{"@type":"WebSite","@id":"https:\/\/888starzbets.net\/tr\/#website","url":"https:\/\/888starzbets.net\/tr\/","name":"888Starz Team tr","description":"","potentialAction":[{"@type":"SearchAction","target":{"@type":"EntryPoint","urlTemplate":"https:\/\/888starzbets.net\/tr\/?s={search_term_string}"},"query-input":{"@type":"PropertyValueSpecification","valueRequired":true,"valueName":"search_term_string"}}],"inLanguage":"tr"}]}},"_links":{"self":[{"href":"https:\/\/888starzbets.net\/tr\/wp-json\/wp\/v2\/pages\/711","targetHints":{"allow":["GET"]}}],"collection":[{"href":"https:\/\/888starzbets.net\/tr\/wp-json\/wp\/v2\/pages"}],"about":[{"href":"https:\/\/888starzbets.net\/tr\/wp-json\/wp\/v2\/types\/page"}],"author":[{"embeddable":true,"href":"https:\/\/888starzbets.net\/tr\/wp-json\/wp\/v2\/users\/1"}],"replies":[{"embeddable":true,"href":"https:\/\/888starzbets.net\/tr\/wp-json\/wp\/v2\/comments?post=711"}],"version-history":[{"count":8,"href":"https:\/\/888starzbets.net\/tr\/wp-json\/wp\/v2\/pages\/711\/revisions"}],"predecessor-version":[{"id":864,"href":"https:\/\/888starzbets.net\/tr\/wp-json\/wp\/v2\/pages\/711\/revisions\/864"}],"up":[{"embeddable":true,"href":"https:\/\/888starzbets.net\/tr\/wp-json\/wp\/v2\/pages\/152"}],"wp:attachment":[{"href":"https:\/\/888starzbets.net\/tr\/wp-json\/wp\/v2\/media?parent=711"}],"curies":[{"name":"wp","href":"https:\/\/api.w.org\/{rel}","templated":true}]}}