{"id":718,"date":"2025-05-07T10:37:38","date_gmt":"2025-05-07T10:37:38","guid":{"rendered":"https:\/\/888starzbets.net\/tr\/?page_id=718"},"modified":"2025-10-04T09:07:49","modified_gmt":"2025-10-04T09:07:49","slug":"top-football-leagues","status":"publish","type":"page","link":"https:\/\/888starzbets.net\/tr\/bonus\/top-football-leagues\/","title":{"rendered":"En \u0130yi Futbol Ligleri"},"content":{"rendered":"","protected":false},"excerpt":{"rendered":"","protected":false},"author":1,"featured_media":0,"parent":152,"menu_order":0,"comment_status":"closed","ping_status":"closed","template":"","meta":{"footnotes":""},"class_list":["post-718","page","type-page","status-publish","hentry"],"yoast_head":"<!-- This site is optimized with the Yoast SEO plugin v26.2 - https:\/\/yoast.com\/wordpress\/plugins\/seo\/ -->\n<title>888Starz240 TRY&#039;den ba\u015flayan bahislerle \u00f6d\u00fcller kazan\u0131n!<\/title>\n<meta name=\"description\" content=\"En iyi 5 futbol ligine bahis yap\u0131n ve s\u00fcper \u00f6d\u00fcller kazan\u0131n! 240 TRY&#039;den bahis yap\u0131n, promosyon biletleri kazan\u0131n ve iPhone, \u00fccretsiz bahisler ve bonus puanlar kazanma \u015fans\u0131n\u0131 ka\u00e7\u0131rmay\u0131n! Renkli \u00e7ekili\u015flere kat\u0131l\u0131n ve \u00f6d\u00fcllerinizi kazan\u0131n!\" \/>\n<meta name=\"robots\" content=\"index, follow, max-snippet:-1, max-image-preview:large, max-video-preview:-1\" \/>\n<meta property=\"og:locale\" content=\"tr_TR\" \/>\n<meta property=\"og:type\" content=\"article\" \/>\n<meta property=\"og:title\" content=\"888Starz240 TRY&#039;den ba\u015flayan bahislerle \u00f6d\u00fcller kazan\u0131n!\" \/>\n<meta property=\"og:description\" content=\"En iyi 5 futbol ligine bahis yap\u0131n ve s\u00fcper \u00f6d\u00fcller kazan\u0131n! 240 TRY&#039;den bahis yap\u0131n, promosyon biletleri kazan\u0131n ve iPhone, \u00fccretsiz bahisler ve bonus puanlar kazanma \u015fans\u0131n\u0131 ka\u00e7\u0131rmay\u0131n! Renkli \u00e7ekili\u015flere kat\u0131l\u0131n ve \u00f6d\u00fcllerinizi kazan\u0131n!\" \/>\n<meta property=\"og:url\" content=\"https:\/\/888starzbets.net\/tr\/bonus\/top-football-leagues\/\" \/>\n<meta property=\"og:site_name\" content=\"888Starz Team tr\" \/>\n<meta property=\"article:modified_time\" content=\"2025-10-04T09:07:49+00:00\" \/>\n<meta name=\"twitter:card\" content=\"summary_large_image\" \/>\n<script type=\"application\/ld+json\" class=\"yoast-schema-graph\">{\"@context\":\"https:\/\/schema.org\",\"@graph\":[{\"@type\":\"WebPage\",\"@id\":\"https:\/\/888starzbets.net\/tr\/bonus\/top-football-leagues\/\",\"url\":\"https:\/\/888starzbets.net\/tr\/bonus\/top-football-leagues\/\",\"name\":\"888Starz240 TRY'den ba\u015flayan bahislerle \u00f6d\u00fcller kazan\u0131n!\",\"isPartOf\":{\"@id\":\"https:\/\/888starzbets.net\/tr\/#website\"},\"datePublished\":\"2025-05-07T10:37:38+00:00\",\"dateModified\":\"2025-10-04T09:07:49+00:00\",\"description\":\"En iyi 5 futbol ligine bahis yap\u0131n ve s\u00fcper \u00f6d\u00fcller kazan\u0131n! 240 TRY'den bahis yap\u0131n, promosyon biletleri kazan\u0131n ve iPhone, \u00fccretsiz bahisler ve bonus puanlar kazanma \u015fans\u0131n\u0131 ka\u00e7\u0131rmay\u0131n! Renkli \u00e7ekili\u015flere kat\u0131l\u0131n ve \u00f6d\u00fcllerinizi kazan\u0131n!\",\"breadcrumb\":{\"@id\":\"https:\/\/888starzbets.net\/tr\/bonus\/top-football-leagues\/#breadcrumb\"},\"inLanguage\":\"tr\",\"potentialAction\":[{\"@type\":\"ReadAction\",\"target\":[\"https:\/\/888starzbets.net\/tr\/bonus\/top-football-leagues\/\"]}]},{\"@type\":\"BreadcrumbList\",\"@id\":\"https:\/\/888starzbets.net\/tr\/bonus\/top-football-leagues\/#breadcrumb\",\"itemListElement\":[{\"@type\":\"ListItem\",\"position\":1,\"name\":\"Bonuslar\",\"item\":\"https:\/\/888starzbets.net\/tr\/bonus\/\"},{\"@type\":\"ListItem\",\"position\":2,\"name\":\"En \u0130yi Futbol Ligleri\"}]},{\"@type\":\"WebSite\",\"@id\":\"https:\/\/888starzbets.net\/tr\/#website\",\"url\":\"https:\/\/888starzbets.net\/tr\/\",\"name\":\"888Starz Team tr\",\"description\":\"\",\"potentialAction\":[{\"@type\":\"SearchAction\",\"target\":{\"@type\":\"EntryPoint\",\"urlTemplate\":\"https:\/\/888starzbets.net\/tr\/?s={search_term_string}\"},\"query-input\":{\"@type\":\"PropertyValueSpecification\",\"valueRequired\":true,\"valueName\":\"search_term_string\"}}],\"inLanguage\":\"tr\"}]}<\/script>\n<!-- \/ Yoast SEO plugin. -->","yoast_head_json":{"title":"888Starz240 TRY'den ba\u015flayan bahislerle \u00f6d\u00fcller kazan\u0131n!","description":"En iyi 5 futbol ligine bahis yap\u0131n ve s\u00fcper \u00f6d\u00fcller kazan\u0131n! 240 TRY'den bahis yap\u0131n, promosyon biletleri kazan\u0131n ve iPhone, \u00fccretsiz bahisler ve bonus puanlar kazanma \u015fans\u0131n\u0131 ka\u00e7\u0131rmay\u0131n! Renkli \u00e7ekili\u015flere kat\u0131l\u0131n ve \u00f6d\u00fcllerinizi kazan\u0131n!","robots":{"index":"index","follow":"follow","max-snippet":"max-snippet:-1","max-image-preview":"max-image-preview:large","max-video-preview":"max-video-preview:-1"},"og_locale":"tr_TR","og_type":"article","og_title":"888Starz240 TRY'den ba\u015flayan bahislerle \u00f6d\u00fcller kazan\u0131n!","og_description":"En iyi 5 futbol ligine bahis yap\u0131n ve s\u00fcper \u00f6d\u00fcller kazan\u0131n! 240 TRY'den bahis yap\u0131n, promosyon biletleri kazan\u0131n ve iPhone, \u00fccretsiz bahisler ve bonus puanlar kazanma \u015fans\u0131n\u0131 ka\u00e7\u0131rmay\u0131n! Renkli \u00e7ekili\u015flere kat\u0131l\u0131n ve \u00f6d\u00fcllerinizi kazan\u0131n!","og_url":"https:\/\/888starzbets.net\/tr\/bonus\/top-football-leagues\/","og_site_name":"888Starz Team tr","article_modified_time":"2025-10-04T09:07:49+00:00","twitter_card":"summary_large_image","schema":{"@context":"https:\/\/schema.org","@graph":[{"@type":"WebPage","@id":"https:\/\/888starzbets.net\/tr\/bonus\/top-football-leagues\/","url":"https:\/\/888starzbets.net\/tr\/bonus\/top-football-leagues\/","name":"888Starz240 TRY'den ba\u015flayan bahislerle \u00f6d\u00fcller kazan\u0131n!","isPartOf":{"@id":"https:\/\/888starzbets.net\/tr\/#website"},"datePublished":"2025-05-07T10:37:38+00:00","dateModified":"2025-10-04T09:07:49+00:00","description":"En iyi 5 futbol ligine bahis yap\u0131n ve s\u00fcper \u00f6d\u00fcller kazan\u0131n! 240 TRY'den bahis yap\u0131n, promosyon biletleri kazan\u0131n ve iPhone, \u00fccretsiz bahisler ve bonus puanlar kazanma \u015fans\u0131n\u0131 ka\u00e7\u0131rmay\u0131n! Renkli \u00e7ekili\u015flere kat\u0131l\u0131n ve \u00f6d\u00fcllerinizi kazan\u0131n!","breadcrumb":{"@id":"https:\/\/888starzbets.net\/tr\/bonus\/top-football-leagues\/#breadcrumb"},"inLanguage":"tr","potentialAction":[{"@type":"ReadAction","target":["https:\/\/888starzbets.net\/tr\/bonus\/top-football-leagues\/"]}]},{"@type":"BreadcrumbList","@id":"https:\/\/888starzbets.net\/tr\/bonus\/top-football-leagues\/#breadcrumb","itemListElement":[{"@type":"ListItem","position":1,"name":"Bonuslar","item":"https:\/\/888starzbets.net\/tr\/bonus\/"},{"@type":"ListItem","position":2,"name":"En \u0130yi Futbol Ligleri"}]},{"@type":"WebSite","@id":"https:\/\/888starzbets.net\/tr\/#website","url":"https:\/\/888starzbets.net\/tr\/","name":"888Starz Team tr","description":"","potentialAction":[{"@type":"SearchAction","target":{"@type":"EntryPoint","urlTemplate":"https:\/\/888starzbets.net\/tr\/?s={search_term_string}"},"query-input":{"@type":"PropertyValueSpecification","valueRequired":true,"valueName":"search_term_string"}}],"inLanguage":"tr"}]}},"_links":{"self":[{"href":"https:\/\/888starzbets.net\/tr\/wp-json\/wp\/v2\/pages\/718","targetHints":{"allow":["GET"]}}],"collection":[{"href":"https:\/\/888starzbets.net\/tr\/wp-json\/wp\/v2\/pages"}],"about":[{"href":"https:\/\/888starzbets.net\/tr\/wp-json\/wp\/v2\/types\/page"}],"author":[{"embeddable":true,"href":"https:\/\/888starzbets.net\/tr\/wp-json\/wp\/v2\/users\/1"}],"replies":[{"embeddable":true,"href":"https:\/\/888starzbets.net\/tr\/wp-json\/wp\/v2\/comments?post=718"}],"version-history":[{"count":10,"href":"https:\/\/888starzbets.net\/tr\/wp-json\/wp\/v2\/pages\/718\/revisions"}],"predecessor-version":[{"id":862,"href":"https:\/\/888starzbets.net\/tr\/wp-json\/wp\/v2\/pages\/718\/revisions\/862"}],"up":[{"embeddable":true,"href":"https:\/\/888starzbets.net\/tr\/wp-json\/wp\/v2\/pages\/152"}],"wp:attachment":[{"href":"https:\/\/888starzbets.net\/tr\/wp-json\/wp\/v2\/media?parent=718"}],"curies":[{"name":"wp","href":"https:\/\/api.w.org\/{rel}","templated":true}]}}