{"id":868,"date":"2025-10-28T15:03:24","date_gmt":"2025-10-28T15:03:24","guid":{"rendered":"https:\/\/888starzbets.net\/?page_id=868"},"modified":"2025-11-26T13:31:36","modified_gmt":"2025-11-26T13:31:36","slug":"football","status":"publish","type":"page","link":"https:\/\/888starzbets.net\/uz\/football\/","title":{"rendered":"Futbol"},"content":{"rendered":"","protected":false},"excerpt":{"rendered":"","protected":false},"author":1,"featured_media":0,"parent":0,"menu_order":0,"comment_status":"closed","ping_status":"closed","template":"","meta":{"footnotes":""},"class_list":["post-868","page","type-page","status-publish","hentry"],"yoast_head":"<!-- This site is optimized with the Yoast SEO plugin v26.2 - https:\/\/yoast.com\/wordpress\/plugins\/seo\/ -->\n<title>888Starz Futbolga pul tikish | Eng yaxshi bonuslar!<\/title>\n<meta name=\"description\" content=\"Aposte no futebol com a 888Starz! Obtenha odds elevadas, b\u00f3nus e acesso a mais de 500 eventos desportivos todos os dias. Junte-se \u00e0 emo\u00e7\u00e3o das apostas e ganhe hoje!\" \/>\n<meta name=\"robots\" content=\"index, follow, max-snippet:-1, max-image-preview:large, max-video-preview:-1\" \/>\n<meta property=\"og:locale\" content=\"uz_UZ\" \/>\n<meta property=\"og:type\" content=\"article\" \/>\n<meta property=\"og:title\" content=\"888Starz Futbolga pul tikish | Eng yaxshi bonuslar!\" \/>\n<meta property=\"og:description\" content=\"Aposte no futebol com a 888Starz! Obtenha odds elevadas, b\u00f3nus e acesso a mais de 500 eventos desportivos todos os dias. Junte-se \u00e0 emo\u00e7\u00e3o das apostas e ganhe hoje!\" \/>\n<meta property=\"og:url\" content=\"https:\/\/888starzbets.net\/uz\/football\/\" \/>\n<meta property=\"og:site_name\" content=\"888Starz Team uz\" \/>\n<meta property=\"article:modified_time\" content=\"2025-11-26T13:31:36+00:00\" \/>\n<meta name=\"twitter:card\" content=\"summary_large_image\" \/>\n<script type=\"application\/ld+json\" class=\"yoast-schema-graph\">{\"@context\":\"https:\/\/schema.org\",\"@graph\":[{\"@type\":\"WebPage\",\"@id\":\"https:\/\/888starzbets.net\/uz\/football\/\",\"url\":\"https:\/\/888starzbets.net\/uz\/football\/\",\"name\":\"888Starz Futbolga pul tikish | Eng yaxshi bonuslar!\",\"isPartOf\":{\"@id\":\"https:\/\/888starzbets.net\/uz\/#website\"},\"datePublished\":\"2025-10-28T15:03:24+00:00\",\"dateModified\":\"2025-11-26T13:31:36+00:00\",\"description\":\"Aposte no futebol com a 888Starz! Obtenha odds elevadas, b\u00f3nus e acesso a mais de 500 eventos desportivos todos os dias. Junte-se \u00e0 emo\u00e7\u00e3o das apostas e ganhe hoje!\",\"inLanguage\":\"uz-UZ\",\"potentialAction\":[{\"@type\":\"ReadAction\",\"target\":[\"https:\/\/888starzbets.net\/uz\/football\/\"]}]},{\"@type\":\"WebSite\",\"@id\":\"https:\/\/888starzbets.net\/uz\/#website\",\"url\":\"https:\/\/888starzbets.net\/uz\/\",\"name\":\"888Starz Team uz\",\"description\":\"My WordPress Blog\",\"potentialAction\":[{\"@type\":\"SearchAction\",\"target\":{\"@type\":\"EntryPoint\",\"urlTemplate\":\"https:\/\/888starzbets.net\/uz\/?s={search_term_string}\"},\"query-input\":{\"@type\":\"PropertyValueSpecification\",\"valueRequired\":true,\"valueName\":\"search_term_string\"}}],\"inLanguage\":\"uz-UZ\"}]}<\/script>\n<!-- \/ Yoast SEO plugin. -->","yoast_head_json":{"title":"888Starz Futbolga pul tikish | Eng yaxshi bonuslar!","description":"Aposte no futebol com a 888Starz! Obtenha odds elevadas, b\u00f3nus e acesso a mais de 500 eventos desportivos todos os dias. Junte-se \u00e0 emo\u00e7\u00e3o das apostas e ganhe hoje!","robots":{"index":"index","follow":"follow","max-snippet":"max-snippet:-1","max-image-preview":"max-image-preview:large","max-video-preview":"max-video-preview:-1"},"og_locale":"uz_UZ","og_type":"article","og_title":"888Starz Futbolga pul tikish | Eng yaxshi bonuslar!","og_description":"Aposte no futebol com a 888Starz! Obtenha odds elevadas, b\u00f3nus e acesso a mais de 500 eventos desportivos todos os dias. Junte-se \u00e0 emo\u00e7\u00e3o das apostas e ganhe hoje!","og_url":"https:\/\/888starzbets.net\/uz\/football\/","og_site_name":"888Starz Team uz","article_modified_time":"2025-11-26T13:31:36+00:00","twitter_card":"summary_large_image","schema":{"@context":"https:\/\/schema.org","@graph":[{"@type":"WebPage","@id":"https:\/\/888starzbets.net\/uz\/football\/","url":"https:\/\/888starzbets.net\/uz\/football\/","name":"888Starz Futbolga pul tikish | Eng yaxshi bonuslar!","isPartOf":{"@id":"https:\/\/888starzbets.net\/uz\/#website"},"datePublished":"2025-10-28T15:03:24+00:00","dateModified":"2025-11-26T13:31:36+00:00","description":"Aposte no futebol com a 888Starz! Obtenha odds elevadas, b\u00f3nus e acesso a mais de 500 eventos desportivos todos os dias. Junte-se \u00e0 emo\u00e7\u00e3o das apostas e ganhe hoje!","inLanguage":"uz-UZ","potentialAction":[{"@type":"ReadAction","target":["https:\/\/888starzbets.net\/uz\/football\/"]}]},{"@type":"WebSite","@id":"https:\/\/888starzbets.net\/uz\/#website","url":"https:\/\/888starzbets.net\/uz\/","name":"888Starz Team uz","description":"My WordPress Blog","potentialAction":[{"@type":"SearchAction","target":{"@type":"EntryPoint","urlTemplate":"https:\/\/888starzbets.net\/uz\/?s={search_term_string}"},"query-input":{"@type":"PropertyValueSpecification","valueRequired":true,"valueName":"search_term_string"}}],"inLanguage":"uz-UZ"}]}},"_links":{"self":[{"href":"https:\/\/888starzbets.net\/uz\/wp-json\/wp\/v2\/pages\/868","targetHints":{"allow":["GET"]}}],"collection":[{"href":"https:\/\/888starzbets.net\/uz\/wp-json\/wp\/v2\/pages"}],"about":[{"href":"https:\/\/888starzbets.net\/uz\/wp-json\/wp\/v2\/types\/page"}],"author":[{"embeddable":true,"href":"https:\/\/888starzbets.net\/uz\/wp-json\/wp\/v2\/users\/1"}],"replies":[{"embeddable":true,"href":"https:\/\/888starzbets.net\/uz\/wp-json\/wp\/v2\/comments?post=868"}],"version-history":[{"count":4,"href":"https:\/\/888starzbets.net\/uz\/wp-json\/wp\/v2\/pages\/868\/revisions"}],"predecessor-version":[{"id":941,"href":"https:\/\/888starzbets.net\/uz\/wp-json\/wp\/v2\/pages\/868\/revisions\/941"}],"wp:attachment":[{"href":"https:\/\/888starzbets.net\/uz\/wp-json\/wp\/v2\/media?parent=868"}],"curies":[{"name":"wp","href":"https:\/\/api.w.org\/{rel}","templated":true}]}}