{"id":152,"date":"2023-05-18T17:39:43","date_gmt":"2023-05-18T17:39:43","guid":{"rendered":"https:\/\/888starzbets.net\/vi\/?page_id=152"},"modified":"2025-02-12T06:27:44","modified_gmt":"2025-02-12T06:27:44","slug":"bonus","status":"publish","type":"page","link":"https:\/\/888starzbets.net\/vi\/bonus\/","title":{"rendered":"Ti\u1ec1n th\u01b0\u1edfng"},"content":{"rendered":"","protected":false},"excerpt":{"rendered":"","protected":false},"author":1,"featured_media":0,"parent":0,"menu_order":0,"comment_status":"closed","ping_status":"closed","template":"","meta":{"footnotes":""},"class_list":["post-152","page","type-page","status-publish","hentry"],"yoast_head":"<!-- This site is optimized with the Yoast SEO plugin v26.2 - https:\/\/yoast.com\/wordpress\/plugins\/seo\/ -->\n<title>Ti\u1ec1n th\u01b0\u1edfng 888Starz 2025 \ud83c\udf81 Khuy\u1ebfn m\u00e3i v\u00e0 \u01afu \u0111\u00e3i \u0111\u1eb7c bi\u1ec7t<\/title>\n<meta name=\"description\" content=\"\u0110\u0103ng k\u00fd v\u1edbi 888Starz Vi\u1ec7t Nam v\u00e0 nh\u1eadn 100% ti\u1ec1n th\u01b0\u1edfng cho kho\u1ea3n ti\u1ec1n g\u1eedi \u0111\u1ea7u ti\u00ean c\u1ee7a b\u1ea1n. H\u01b0\u1edbng d\u1eabn v\u1ec1 Ti\u1ec1n th\u01b0\u1edfng v\u00e0 Khuy\u1ebfn m\u00e3i c\u1ee7a 888Starz d\u00e0nh cho Ng\u01b0\u1eddi ch\u01a1i M\u1edbi v\u00e0 Th\u01b0\u1eddng xuy\u00ean. Nh\u1eadn c\u01b0\u1ee3c mi\u1ec5n ph\u00ed v\u00e0 ho\u00e0n ti\u1ec1n m\u1ed7i tu\u1ea7n!\" \/>\n<meta name=\"robots\" content=\"index, follow, max-snippet:-1, max-image-preview:large, max-video-preview:-1\" \/>\n<meta property=\"og:locale\" content=\"vi_VN\" \/>\n<meta property=\"og:type\" content=\"article\" \/>\n<meta property=\"og:title\" content=\"Ti\u1ec1n th\u01b0\u1edfng 888Starz 2025 \ud83c\udf81 Khuy\u1ebfn m\u00e3i v\u00e0 \u01afu \u0111\u00e3i \u0111\u1eb7c bi\u1ec7t\" \/>\n<meta property=\"og:description\" content=\"\u0110\u0103ng k\u00fd v\u1edbi 888Starz Vi\u1ec7t Nam v\u00e0 nh\u1eadn 100% ti\u1ec1n th\u01b0\u1edfng cho kho\u1ea3n ti\u1ec1n g\u1eedi \u0111\u1ea7u ti\u00ean c\u1ee7a b\u1ea1n. H\u01b0\u1edbng d\u1eabn v\u1ec1 Ti\u1ec1n th\u01b0\u1edfng v\u00e0 Khuy\u1ebfn m\u00e3i c\u1ee7a 888Starz d\u00e0nh cho Ng\u01b0\u1eddi ch\u01a1i M\u1edbi v\u00e0 Th\u01b0\u1eddng xuy\u00ean. Nh\u1eadn c\u01b0\u1ee3c mi\u1ec5n ph\u00ed v\u00e0 ho\u00e0n ti\u1ec1n m\u1ed7i tu\u1ea7n!\" \/>\n<meta property=\"og:url\" content=\"https:\/\/888starzbets.net\/vi\/bonus\/\" \/>\n<meta property=\"og:site_name\" content=\"888Starz Team vi\" \/>\n<meta property=\"article:modified_time\" content=\"2025-02-12T06:27:44+00:00\" \/>\n<meta name=\"twitter:card\" content=\"summary_large_image\" \/>\n<script type=\"application\/ld+json\" class=\"yoast-schema-graph\">{\"@context\":\"https:\/\/schema.org\",\"@graph\":[{\"@type\":\"WebPage\",\"@id\":\"https:\/\/888starzbets.net\/vi\/bonus\/\",\"url\":\"https:\/\/888starzbets.net\/vi\/bonus\/\",\"name\":\"Ti\u1ec1n th\u01b0\u1edfng 888Starz 2025 \ud83c\udf81 Khuy\u1ebfn m\u00e3i v\u00e0 \u01afu \u0111\u00e3i \u0111\u1eb7c bi\u1ec7t\",\"isPartOf\":{\"@id\":\"https:\/\/888starzbets.net\/vi\/#website\"},\"datePublished\":\"2023-05-18T17:39:43+00:00\",\"dateModified\":\"2025-02-12T06:27:44+00:00\",\"description\":\"\u0110\u0103ng k\u00fd v\u1edbi 888Starz Vi\u1ec7t Nam v\u00e0 nh\u1eadn 100% ti\u1ec1n th\u01b0\u1edfng cho kho\u1ea3n ti\u1ec1n g\u1eedi \u0111\u1ea7u ti\u00ean c\u1ee7a b\u1ea1n. H\u01b0\u1edbng d\u1eabn v\u1ec1 Ti\u1ec1n th\u01b0\u1edfng v\u00e0 Khuy\u1ebfn m\u00e3i c\u1ee7a 888Starz d\u00e0nh cho Ng\u01b0\u1eddi ch\u01a1i M\u1edbi v\u00e0 Th\u01b0\u1eddng xuy\u00ean. Nh\u1eadn c\u01b0\u1ee3c mi\u1ec5n ph\u00ed v\u00e0 ho\u00e0n ti\u1ec1n m\u1ed7i tu\u1ea7n!\",\"inLanguage\":\"vi\",\"potentialAction\":[{\"@type\":\"ReadAction\",\"target\":[\"https:\/\/888starzbets.net\/vi\/bonus\/\"]}]},{\"@type\":\"WebSite\",\"@id\":\"https:\/\/888starzbets.net\/vi\/#website\",\"url\":\"https:\/\/888starzbets.net\/vi\/\",\"name\":\"888Starz Team vi\",\"description\":\"My WordPress Blog\",\"potentialAction\":[{\"@type\":\"SearchAction\",\"target\":{\"@type\":\"EntryPoint\",\"urlTemplate\":\"https:\/\/888starzbets.net\/vi\/?s={search_term_string}\"},\"query-input\":{\"@type\":\"PropertyValueSpecification\",\"valueRequired\":true,\"valueName\":\"search_term_string\"}}],\"inLanguage\":\"vi\"}]}<\/script>\n<!-- \/ Yoast SEO plugin. -->","yoast_head_json":{"title":"Ti\u1ec1n th\u01b0\u1edfng 888Starz 2025 \ud83c\udf81 Khuy\u1ebfn m\u00e3i v\u00e0 \u01afu \u0111\u00e3i \u0111\u1eb7c bi\u1ec7t","description":"\u0110\u0103ng k\u00fd v\u1edbi 888Starz Vi\u1ec7t Nam v\u00e0 nh\u1eadn 100% ti\u1ec1n th\u01b0\u1edfng cho kho\u1ea3n ti\u1ec1n g\u1eedi \u0111\u1ea7u ti\u00ean c\u1ee7a b\u1ea1n. H\u01b0\u1edbng d\u1eabn v\u1ec1 Ti\u1ec1n th\u01b0\u1edfng v\u00e0 Khuy\u1ebfn m\u00e3i c\u1ee7a 888Starz d\u00e0nh cho Ng\u01b0\u1eddi ch\u01a1i M\u1edbi v\u00e0 Th\u01b0\u1eddng xuy\u00ean. Nh\u1eadn c\u01b0\u1ee3c mi\u1ec5n ph\u00ed v\u00e0 ho\u00e0n ti\u1ec1n m\u1ed7i tu\u1ea7n!","robots":{"index":"index","follow":"follow","max-snippet":"max-snippet:-1","max-image-preview":"max-image-preview:large","max-video-preview":"max-video-preview:-1"},"og_locale":"vi_VN","og_type":"article","og_title":"Ti\u1ec1n th\u01b0\u1edfng 888Starz 2025 \ud83c\udf81 Khuy\u1ebfn m\u00e3i v\u00e0 \u01afu \u0111\u00e3i \u0111\u1eb7c bi\u1ec7t","og_description":"\u0110\u0103ng k\u00fd v\u1edbi 888Starz Vi\u1ec7t Nam v\u00e0 nh\u1eadn 100% ti\u1ec1n th\u01b0\u1edfng cho kho\u1ea3n ti\u1ec1n g\u1eedi \u0111\u1ea7u ti\u00ean c\u1ee7a b\u1ea1n. H\u01b0\u1edbng d\u1eabn v\u1ec1 Ti\u1ec1n th\u01b0\u1edfng v\u00e0 Khuy\u1ebfn m\u00e3i c\u1ee7a 888Starz d\u00e0nh cho Ng\u01b0\u1eddi ch\u01a1i M\u1edbi v\u00e0 Th\u01b0\u1eddng xuy\u00ean. Nh\u1eadn c\u01b0\u1ee3c mi\u1ec5n ph\u00ed v\u00e0 ho\u00e0n ti\u1ec1n m\u1ed7i tu\u1ea7n!","og_url":"https:\/\/888starzbets.net\/vi\/bonus\/","og_site_name":"888Starz Team vi","article_modified_time":"2025-02-12T06:27:44+00:00","twitter_card":"summary_large_image","schema":{"@context":"https:\/\/schema.org","@graph":[{"@type":"WebPage","@id":"https:\/\/888starzbets.net\/vi\/bonus\/","url":"https:\/\/888starzbets.net\/vi\/bonus\/","name":"Ti\u1ec1n th\u01b0\u1edfng 888Starz 2025 \ud83c\udf81 Khuy\u1ebfn m\u00e3i v\u00e0 \u01afu \u0111\u00e3i \u0111\u1eb7c bi\u1ec7t","isPartOf":{"@id":"https:\/\/888starzbets.net\/vi\/#website"},"datePublished":"2023-05-18T17:39:43+00:00","dateModified":"2025-02-12T06:27:44+00:00","description":"\u0110\u0103ng k\u00fd v\u1edbi 888Starz Vi\u1ec7t Nam v\u00e0 nh\u1eadn 100% ti\u1ec1n th\u01b0\u1edfng cho kho\u1ea3n ti\u1ec1n g\u1eedi \u0111\u1ea7u ti\u00ean c\u1ee7a b\u1ea1n. H\u01b0\u1edbng d\u1eabn v\u1ec1 Ti\u1ec1n th\u01b0\u1edfng v\u00e0 Khuy\u1ebfn m\u00e3i c\u1ee7a 888Starz d\u00e0nh cho Ng\u01b0\u1eddi ch\u01a1i M\u1edbi v\u00e0 Th\u01b0\u1eddng xuy\u00ean. Nh\u1eadn c\u01b0\u1ee3c mi\u1ec5n ph\u00ed v\u00e0 ho\u00e0n ti\u1ec1n m\u1ed7i tu\u1ea7n!","inLanguage":"vi","potentialAction":[{"@type":"ReadAction","target":["https:\/\/888starzbets.net\/vi\/bonus\/"]}]},{"@type":"WebSite","@id":"https:\/\/888starzbets.net\/vi\/#website","url":"https:\/\/888starzbets.net\/vi\/","name":"888Starz Team vi","description":"My WordPress Blog","potentialAction":[{"@type":"SearchAction","target":{"@type":"EntryPoint","urlTemplate":"https:\/\/888starzbets.net\/vi\/?s={search_term_string}"},"query-input":{"@type":"PropertyValueSpecification","valueRequired":true,"valueName":"search_term_string"}}],"inLanguage":"vi"}]}},"_links":{"self":[{"href":"https:\/\/888starzbets.net\/vi\/wp-json\/wp\/v2\/pages\/152","targetHints":{"allow":["GET"]}}],"collection":[{"href":"https:\/\/888starzbets.net\/vi\/wp-json\/wp\/v2\/pages"}],"about":[{"href":"https:\/\/888starzbets.net\/vi\/wp-json\/wp\/v2\/types\/page"}],"author":[{"embeddable":true,"href":"https:\/\/888starzbets.net\/vi\/wp-json\/wp\/v2\/users\/1"}],"replies":[{"embeddable":true,"href":"https:\/\/888starzbets.net\/vi\/wp-json\/wp\/v2\/comments?post=152"}],"version-history":[{"count":62,"href":"https:\/\/888starzbets.net\/vi\/wp-json\/wp\/v2\/pages\/152\/revisions"}],"predecessor-version":[{"id":657,"href":"https:\/\/888starzbets.net\/vi\/wp-json\/wp\/v2\/pages\/152\/revisions\/657"}],"wp:attachment":[{"href":"https:\/\/888starzbets.net\/vi\/wp-json\/wp\/v2\/media?parent=152"}],"curies":[{"name":"wp","href":"https:\/\/api.w.org\/{rel}","templated":true}]}}