{"id":270,"date":"2024-02-02T08:45:42","date_gmt":"2024-02-02T08:45:42","guid":{"rendered":"https:\/\/888starzbets.net\/vi\/?page_id=270"},"modified":"2025-03-18T08:57:48","modified_gmt":"2025-03-18T08:57:48","slug":"affiliate","status":"publish","type":"page","link":"https:\/\/888starzbets.net\/vi\/affiliate\/","title":{"rendered":"Li\u00ean k\u1ebft"},"content":{"rendered":"","protected":false},"excerpt":{"rendered":"","protected":false},"author":1,"featured_media":0,"parent":0,"menu_order":0,"comment_status":"closed","ping_status":"closed","template":"","meta":{"footnotes":""},"class_list":["post-270","page","type-page","status-publish","hentry"],"yoast_head":"<!-- This site is optimized with the Yoast SEO plugin v26.2 - https:\/\/yoast.com\/wordpress\/plugins\/seo\/ -->\n<title>\u0110\u1ed1i t\u00e1c li\u00ean k\u1ebft 888Starz Vi\u1ec7t Nam \ud83d\udd34 \u0110\u1ed1i t\u00e1c 888STARZ<\/title>\n<meta name=\"description\" content=\"Tham gia Ch\u01b0\u01a1ng tr\u00ecnh li\u00ean k\u1ebft 888 v\u00e0 ki\u1ebfm ti\u1ec1n th\u1eadt | 888Starz cung c\u1ea5p T\u1ef7 l\u1ec7 chuy\u1ec3n \u0111\u1ed5i cao, Thanh to\u00e1n th\u01b0\u1eddng xuy\u00ean, Chia s\u1ebb doanh thu v\u00e0 CPA | Ch\u00fang t\u00f4i l\u00e0m vi\u1ec7c t\u1ea1i h\u01a1n 100 qu\u1ed1c gia tr\u00ean to\u00e0n th\u1ebf gi\u1edbi\" \/>\n<meta name=\"robots\" content=\"index, follow, max-snippet:-1, max-image-preview:large, max-video-preview:-1\" \/>\n<meta property=\"og:locale\" content=\"vi_VN\" \/>\n<meta property=\"og:type\" content=\"article\" \/>\n<meta property=\"og:title\" content=\"\u0110\u1ed1i t\u00e1c li\u00ean k\u1ebft 888Starz Vi\u1ec7t Nam \ud83d\udd34 \u0110\u1ed1i t\u00e1c 888STARZ\" \/>\n<meta property=\"og:description\" content=\"Tham gia Ch\u01b0\u01a1ng tr\u00ecnh li\u00ean k\u1ebft 888 v\u00e0 ki\u1ebfm ti\u1ec1n th\u1eadt | 888Starz cung c\u1ea5p T\u1ef7 l\u1ec7 chuy\u1ec3n \u0111\u1ed5i cao, Thanh to\u00e1n th\u01b0\u1eddng xuy\u00ean, Chia s\u1ebb doanh thu v\u00e0 CPA | Ch\u00fang t\u00f4i l\u00e0m vi\u1ec7c t\u1ea1i h\u01a1n 100 qu\u1ed1c gia tr\u00ean to\u00e0n th\u1ebf gi\u1edbi\" \/>\n<meta property=\"og:url\" content=\"https:\/\/888starzbets.net\/vi\/affiliate\/\" \/>\n<meta property=\"og:site_name\" content=\"888Starz Team vi\" \/>\n<meta property=\"article:modified_time\" content=\"2025-03-18T08:57:48+00:00\" \/>\n<meta name=\"twitter:card\" content=\"summary_large_image\" \/>\n<script type=\"application\/ld+json\" class=\"yoast-schema-graph\">{\"@context\":\"https:\/\/schema.org\",\"@graph\":[{\"@type\":\"WebPage\",\"@id\":\"https:\/\/888starzbets.net\/vi\/affiliate\/\",\"url\":\"https:\/\/888starzbets.net\/vi\/affiliate\/\",\"name\":\"\u0110\u1ed1i t\u00e1c li\u00ean k\u1ebft 888Starz Vi\u1ec7t Nam \ud83d\udd34 \u0110\u1ed1i t\u00e1c 888STARZ\",\"isPartOf\":{\"@id\":\"https:\/\/888starzbets.net\/vi\/#website\"},\"datePublished\":\"2024-02-02T08:45:42+00:00\",\"dateModified\":\"2025-03-18T08:57:48+00:00\",\"description\":\"Tham gia Ch\u01b0\u01a1ng tr\u00ecnh li\u00ean k\u1ebft 888 v\u00e0 ki\u1ebfm ti\u1ec1n th\u1eadt | 888Starz cung c\u1ea5p T\u1ef7 l\u1ec7 chuy\u1ec3n \u0111\u1ed5i cao, Thanh to\u00e1n th\u01b0\u1eddng xuy\u00ean, Chia s\u1ebb doanh thu v\u00e0 CPA | Ch\u00fang t\u00f4i l\u00e0m vi\u1ec7c t\u1ea1i h\u01a1n 100 qu\u1ed1c gia tr\u00ean to\u00e0n th\u1ebf gi\u1edbi\",\"inLanguage\":\"vi\",\"potentialAction\":[{\"@type\":\"ReadAction\",\"target\":[\"https:\/\/888starzbets.net\/vi\/affiliate\/\"]}]},{\"@type\":\"WebSite\",\"@id\":\"https:\/\/888starzbets.net\/vi\/#website\",\"url\":\"https:\/\/888starzbets.net\/vi\/\",\"name\":\"888Starz Team vi\",\"description\":\"My WordPress Blog\",\"potentialAction\":[{\"@type\":\"SearchAction\",\"target\":{\"@type\":\"EntryPoint\",\"urlTemplate\":\"https:\/\/888starzbets.net\/vi\/?s={search_term_string}\"},\"query-input\":{\"@type\":\"PropertyValueSpecification\",\"valueRequired\":true,\"valueName\":\"search_term_string\"}}],\"inLanguage\":\"vi\"}]}<\/script>\n<!-- \/ Yoast SEO plugin. -->","yoast_head_json":{"title":"\u0110\u1ed1i t\u00e1c li\u00ean k\u1ebft 888Starz Vi\u1ec7t Nam \ud83d\udd34 \u0110\u1ed1i t\u00e1c 888STARZ","description":"Tham gia Ch\u01b0\u01a1ng tr\u00ecnh li\u00ean k\u1ebft 888 v\u00e0 ki\u1ebfm ti\u1ec1n th\u1eadt | 888Starz cung c\u1ea5p T\u1ef7 l\u1ec7 chuy\u1ec3n \u0111\u1ed5i cao, Thanh to\u00e1n th\u01b0\u1eddng xuy\u00ean, Chia s\u1ebb doanh thu v\u00e0 CPA | Ch\u00fang t\u00f4i l\u00e0m vi\u1ec7c t\u1ea1i h\u01a1n 100 qu\u1ed1c gia tr\u00ean to\u00e0n th\u1ebf gi\u1edbi","robots":{"index":"index","follow":"follow","max-snippet":"max-snippet:-1","max-image-preview":"max-image-preview:large","max-video-preview":"max-video-preview:-1"},"og_locale":"vi_VN","og_type":"article","og_title":"\u0110\u1ed1i t\u00e1c li\u00ean k\u1ebft 888Starz Vi\u1ec7t Nam \ud83d\udd34 \u0110\u1ed1i t\u00e1c 888STARZ","og_description":"Tham gia Ch\u01b0\u01a1ng tr\u00ecnh li\u00ean k\u1ebft 888 v\u00e0 ki\u1ebfm ti\u1ec1n th\u1eadt | 888Starz cung c\u1ea5p T\u1ef7 l\u1ec7 chuy\u1ec3n \u0111\u1ed5i cao, Thanh to\u00e1n th\u01b0\u1eddng xuy\u00ean, Chia s\u1ebb doanh thu v\u00e0 CPA | Ch\u00fang t\u00f4i l\u00e0m vi\u1ec7c t\u1ea1i h\u01a1n 100 qu\u1ed1c gia tr\u00ean to\u00e0n th\u1ebf gi\u1edbi","og_url":"https:\/\/888starzbets.net\/vi\/affiliate\/","og_site_name":"888Starz Team vi","article_modified_time":"2025-03-18T08:57:48+00:00","twitter_card":"summary_large_image","schema":{"@context":"https:\/\/schema.org","@graph":[{"@type":"WebPage","@id":"https:\/\/888starzbets.net\/vi\/affiliate\/","url":"https:\/\/888starzbets.net\/vi\/affiliate\/","name":"\u0110\u1ed1i t\u00e1c li\u00ean k\u1ebft 888Starz Vi\u1ec7t Nam \ud83d\udd34 \u0110\u1ed1i t\u00e1c 888STARZ","isPartOf":{"@id":"https:\/\/888starzbets.net\/vi\/#website"},"datePublished":"2024-02-02T08:45:42+00:00","dateModified":"2025-03-18T08:57:48+00:00","description":"Tham gia Ch\u01b0\u01a1ng tr\u00ecnh li\u00ean k\u1ebft 888 v\u00e0 ki\u1ebfm ti\u1ec1n th\u1eadt | 888Starz cung c\u1ea5p T\u1ef7 l\u1ec7 chuy\u1ec3n \u0111\u1ed5i cao, Thanh to\u00e1n th\u01b0\u1eddng xuy\u00ean, Chia s\u1ebb doanh thu v\u00e0 CPA | Ch\u00fang t\u00f4i l\u00e0m vi\u1ec7c t\u1ea1i h\u01a1n 100 qu\u1ed1c gia tr\u00ean to\u00e0n th\u1ebf gi\u1edbi","inLanguage":"vi","potentialAction":[{"@type":"ReadAction","target":["https:\/\/888starzbets.net\/vi\/affiliate\/"]}]},{"@type":"WebSite","@id":"https:\/\/888starzbets.net\/vi\/#website","url":"https:\/\/888starzbets.net\/vi\/","name":"888Starz Team vi","description":"My WordPress Blog","potentialAction":[{"@type":"SearchAction","target":{"@type":"EntryPoint","urlTemplate":"https:\/\/888starzbets.net\/vi\/?s={search_term_string}"},"query-input":{"@type":"PropertyValueSpecification","valueRequired":true,"valueName":"search_term_string"}}],"inLanguage":"vi"}]}},"_links":{"self":[{"href":"https:\/\/888starzbets.net\/vi\/wp-json\/wp\/v2\/pages\/270","targetHints":{"allow":["GET"]}}],"collection":[{"href":"https:\/\/888starzbets.net\/vi\/wp-json\/wp\/v2\/pages"}],"about":[{"href":"https:\/\/888starzbets.net\/vi\/wp-json\/wp\/v2\/types\/page"}],"author":[{"embeddable":true,"href":"https:\/\/888starzbets.net\/vi\/wp-json\/wp\/v2\/users\/1"}],"replies":[{"embeddable":true,"href":"https:\/\/888starzbets.net\/vi\/wp-json\/wp\/v2\/comments?post=270"}],"version-history":[{"count":31,"href":"https:\/\/888starzbets.net\/vi\/wp-json\/wp\/v2\/pages\/270\/revisions"}],"predecessor-version":[{"id":696,"href":"https:\/\/888starzbets.net\/vi\/wp-json\/wp\/v2\/pages\/270\/revisions\/696"}],"wp:attachment":[{"href":"https:\/\/888starzbets.net\/vi\/wp-json\/wp\/v2\/media?parent=270"}],"curies":[{"name":"wp","href":"https:\/\/api.w.org\/{rel}","templated":true}]}}