{"id":443,"date":"2024-08-23T09:24:17","date_gmt":"2024-08-23T09:24:17","guid":{"rendered":"https:\/\/888starzbets.net\/vi\/?page_id=443"},"modified":"2025-02-12T10:51:46","modified_gmt":"2025-02-12T10:51:46","slug":"promo-code","status":"publish","type":"page","link":"https:\/\/888starzbets.net\/vi\/promo-code\/","title":{"rendered":"M\u00e3 khuy\u1ebfn m\u1ea1i"},"content":{"rendered":"","protected":false},"excerpt":{"rendered":"","protected":false},"author":1,"featured_media":0,"parent":0,"menu_order":0,"comment_status":"closed","ping_status":"closed","template":"","meta":{"footnotes":""},"class_list":["post-443","page","type-page","status-publish","hentry"],"yoast_head":"<!-- This site is optimized with the Yoast SEO plugin v26.2 - https:\/\/yoast.com\/wordpress\/plugins\/seo\/ -->\n<title>M\u00e3 khuy\u1ebfn m\u1ea1i 888Starz 2025 \ud83c\udf1f \u0110\u0103ng k\u00fd \u01b0u \u0111\u00e3i<\/title>\n<meta name=\"description\" content=\"T\u00ecm M\u00e3 th\u01b0\u1edfng 888Starz Vi\u1ec7t Nam cho c\u00e1 c\u01b0\u1ee3c th\u1ec3 thao v\u00e0 s\u00f2ng b\u1ea1c \u2728 M\u00e3 th\u01b0\u1edfng hi\u1ec7n t\u1ea1i cho \u01afu \u0111\u00e3i ch\u00e0o m\u1eebng 888Starz \u27bd S\u1eed d\u1ee5ng M\u00e3 khuy\u1ebfn m\u00e3i 888Starz c\u1ee7a b\u1ea1n ngay!\" \/>\n<meta name=\"robots\" content=\"index, follow, max-snippet:-1, max-image-preview:large, max-video-preview:-1\" \/>\n<meta property=\"og:locale\" content=\"vi_VN\" \/>\n<meta property=\"og:type\" content=\"article\" \/>\n<meta property=\"og:title\" content=\"M\u00e3 khuy\u1ebfn m\u1ea1i 888Starz 2025 \ud83c\udf1f \u0110\u0103ng k\u00fd \u01b0u \u0111\u00e3i\" \/>\n<meta property=\"og:description\" content=\"T\u00ecm M\u00e3 th\u01b0\u1edfng 888Starz Vi\u1ec7t Nam cho c\u00e1 c\u01b0\u1ee3c th\u1ec3 thao v\u00e0 s\u00f2ng b\u1ea1c \u2728 M\u00e3 th\u01b0\u1edfng hi\u1ec7n t\u1ea1i cho \u01afu \u0111\u00e3i ch\u00e0o m\u1eebng 888Starz \u27bd S\u1eed d\u1ee5ng M\u00e3 khuy\u1ebfn m\u00e3i 888Starz c\u1ee7a b\u1ea1n ngay!\" \/>\n<meta property=\"og:url\" content=\"https:\/\/888starzbets.net\/vi\/promo-code\/\" \/>\n<meta property=\"og:site_name\" content=\"888Starz Team vi\" \/>\n<meta property=\"article:modified_time\" content=\"2025-02-12T10:51:46+00:00\" \/>\n<meta name=\"twitter:card\" content=\"summary_large_image\" \/>\n<script type=\"application\/ld+json\" class=\"yoast-schema-graph\">{\"@context\":\"https:\/\/schema.org\",\"@graph\":[{\"@type\":\"WebPage\",\"@id\":\"https:\/\/888starzbets.net\/vi\/promo-code\/\",\"url\":\"https:\/\/888starzbets.net\/vi\/promo-code\/\",\"name\":\"M\u00e3 khuy\u1ebfn m\u1ea1i 888Starz 2025 \ud83c\udf1f \u0110\u0103ng k\u00fd \u01b0u \u0111\u00e3i\",\"isPartOf\":{\"@id\":\"https:\/\/888starzbets.net\/vi\/#website\"},\"datePublished\":\"2024-08-23T09:24:17+00:00\",\"dateModified\":\"2025-02-12T10:51:46+00:00\",\"description\":\"T\u00ecm M\u00e3 th\u01b0\u1edfng 888Starz Vi\u1ec7t Nam cho c\u00e1 c\u01b0\u1ee3c th\u1ec3 thao v\u00e0 s\u00f2ng b\u1ea1c \u2728 M\u00e3 th\u01b0\u1edfng hi\u1ec7n t\u1ea1i cho \u01afu \u0111\u00e3i ch\u00e0o m\u1eebng 888Starz \u27bd S\u1eed d\u1ee5ng M\u00e3 khuy\u1ebfn m\u00e3i 888Starz c\u1ee7a b\u1ea1n ngay!\",\"inLanguage\":\"vi\",\"potentialAction\":[{\"@type\":\"ReadAction\",\"target\":[\"https:\/\/888starzbets.net\/vi\/promo-code\/\"]}]},{\"@type\":\"WebSite\",\"@id\":\"https:\/\/888starzbets.net\/vi\/#website\",\"url\":\"https:\/\/888starzbets.net\/vi\/\",\"name\":\"888Starz Team vi\",\"description\":\"My WordPress Blog\",\"potentialAction\":[{\"@type\":\"SearchAction\",\"target\":{\"@type\":\"EntryPoint\",\"urlTemplate\":\"https:\/\/888starzbets.net\/vi\/?s={search_term_string}\"},\"query-input\":{\"@type\":\"PropertyValueSpecification\",\"valueRequired\":true,\"valueName\":\"search_term_string\"}}],\"inLanguage\":\"vi\"}]}<\/script>\n<!-- \/ Yoast SEO plugin. -->","yoast_head_json":{"title":"M\u00e3 khuy\u1ebfn m\u1ea1i 888Starz 2025 \ud83c\udf1f \u0110\u0103ng k\u00fd \u01b0u \u0111\u00e3i","description":"T\u00ecm M\u00e3 th\u01b0\u1edfng 888Starz Vi\u1ec7t Nam cho c\u00e1 c\u01b0\u1ee3c th\u1ec3 thao v\u00e0 s\u00f2ng b\u1ea1c \u2728 M\u00e3 th\u01b0\u1edfng hi\u1ec7n t\u1ea1i cho \u01afu \u0111\u00e3i ch\u00e0o m\u1eebng 888Starz \u27bd S\u1eed d\u1ee5ng M\u00e3 khuy\u1ebfn m\u00e3i 888Starz c\u1ee7a b\u1ea1n ngay!","robots":{"index":"index","follow":"follow","max-snippet":"max-snippet:-1","max-image-preview":"max-image-preview:large","max-video-preview":"max-video-preview:-1"},"og_locale":"vi_VN","og_type":"article","og_title":"M\u00e3 khuy\u1ebfn m\u1ea1i 888Starz 2025 \ud83c\udf1f \u0110\u0103ng k\u00fd \u01b0u \u0111\u00e3i","og_description":"T\u00ecm M\u00e3 th\u01b0\u1edfng 888Starz Vi\u1ec7t Nam cho c\u00e1 c\u01b0\u1ee3c th\u1ec3 thao v\u00e0 s\u00f2ng b\u1ea1c \u2728 M\u00e3 th\u01b0\u1edfng hi\u1ec7n t\u1ea1i cho \u01afu \u0111\u00e3i ch\u00e0o m\u1eebng 888Starz \u27bd S\u1eed d\u1ee5ng M\u00e3 khuy\u1ebfn m\u00e3i 888Starz c\u1ee7a b\u1ea1n ngay!","og_url":"https:\/\/888starzbets.net\/vi\/promo-code\/","og_site_name":"888Starz Team vi","article_modified_time":"2025-02-12T10:51:46+00:00","twitter_card":"summary_large_image","schema":{"@context":"https:\/\/schema.org","@graph":[{"@type":"WebPage","@id":"https:\/\/888starzbets.net\/vi\/promo-code\/","url":"https:\/\/888starzbets.net\/vi\/promo-code\/","name":"M\u00e3 khuy\u1ebfn m\u1ea1i 888Starz 2025 \ud83c\udf1f \u0110\u0103ng k\u00fd \u01b0u \u0111\u00e3i","isPartOf":{"@id":"https:\/\/888starzbets.net\/vi\/#website"},"datePublished":"2024-08-23T09:24:17+00:00","dateModified":"2025-02-12T10:51:46+00:00","description":"T\u00ecm M\u00e3 th\u01b0\u1edfng 888Starz Vi\u1ec7t Nam cho c\u00e1 c\u01b0\u1ee3c th\u1ec3 thao v\u00e0 s\u00f2ng b\u1ea1c \u2728 M\u00e3 th\u01b0\u1edfng hi\u1ec7n t\u1ea1i cho \u01afu \u0111\u00e3i ch\u00e0o m\u1eebng 888Starz \u27bd S\u1eed d\u1ee5ng M\u00e3 khuy\u1ebfn m\u00e3i 888Starz c\u1ee7a b\u1ea1n ngay!","inLanguage":"vi","potentialAction":[{"@type":"ReadAction","target":["https:\/\/888starzbets.net\/vi\/promo-code\/"]}]},{"@type":"WebSite","@id":"https:\/\/888starzbets.net\/vi\/#website","url":"https:\/\/888starzbets.net\/vi\/","name":"888Starz Team vi","description":"My WordPress Blog","potentialAction":[{"@type":"SearchAction","target":{"@type":"EntryPoint","urlTemplate":"https:\/\/888starzbets.net\/vi\/?s={search_term_string}"},"query-input":{"@type":"PropertyValueSpecification","valueRequired":true,"valueName":"search_term_string"}}],"inLanguage":"vi"}]}},"_links":{"self":[{"href":"https:\/\/888starzbets.net\/vi\/wp-json\/wp\/v2\/pages\/443","targetHints":{"allow":["GET"]}}],"collection":[{"href":"https:\/\/888starzbets.net\/vi\/wp-json\/wp\/v2\/pages"}],"about":[{"href":"https:\/\/888starzbets.net\/vi\/wp-json\/wp\/v2\/types\/page"}],"author":[{"embeddable":true,"href":"https:\/\/888starzbets.net\/vi\/wp-json\/wp\/v2\/users\/1"}],"replies":[{"embeddable":true,"href":"https:\/\/888starzbets.net\/vi\/wp-json\/wp\/v2\/comments?post=443"}],"version-history":[{"count":17,"href":"https:\/\/888starzbets.net\/vi\/wp-json\/wp\/v2\/pages\/443\/revisions"}],"predecessor-version":[{"id":666,"href":"https:\/\/888starzbets.net\/vi\/wp-json\/wp\/v2\/pages\/443\/revisions\/666"}],"wp:attachment":[{"href":"https:\/\/888starzbets.net\/vi\/wp-json\/wp\/v2\/media?parent=443"}],"curies":[{"name":"wp","href":"https:\/\/api.w.org\/{rel}","templated":true}]}}