{"id":600,"date":"2024-10-18T14:50:41","date_gmt":"2024-10-18T14:50:41","guid":{"rendered":"https:\/\/888starzbets.net\/vi\/?page_id=600"},"modified":"2025-02-12T11:04:38","modified_gmt":"2025-02-12T11:04:38","slug":"registration","status":"publish","type":"page","link":"https:\/\/888starzbets.net\/vi\/registration\/","title":{"rendered":"S\u1ef1 \u0111\u0103ng k\u00fd"},"content":{"rendered":"","protected":false},"excerpt":{"rendered":"","protected":false},"author":1,"featured_media":0,"parent":0,"menu_order":0,"comment_status":"closed","ping_status":"closed","template":"","meta":{"footnotes":""},"class_list":["post-600","page","type-page","status-publish","hentry"],"yoast_head":"<!-- This site is optimized with the Yoast SEO plugin v26.2 - https:\/\/yoast.com\/wordpress\/plugins\/seo\/ -->\n<title>\u0110\u0103ng k\u00fd 888Starz | H\u01b0\u1edbng d\u1eabn c\u00e1ch \u0111\u0103ng k\u00fd<\/title>\n<meta name=\"description\" content=\"C\u00e1ch t\u1ea1o t\u00e0i kho\u1ea3n m\u1edbi t\u1ea1i 888Starz Vi\u1ec7t Nam \u00b7 \u0110\u0103ng k\u00fd trang web ch\u00ednh th\u1ee9c c\u1ee7a 888starz \u00b7 \u0110\u0103ng k\u00fd v\u00e0 nh\u1eadn ti\u1ec1n th\u01b0\u1edfng \u0111\u0103ng k\u00fd 100% \u00b7 T\u00ecm hi\u1ec3u c\u00e1ch \u0111\u0103ng k\u00fd t\u1ea1i 888Starz v\u00e0 ho\u00e0n t\u1ea5t qu\u00e1 tr\u00ecnh t\u1ea1o t\u00e0i kho\u1ea3n\" \/>\n<meta name=\"robots\" content=\"index, follow, max-snippet:-1, max-image-preview:large, max-video-preview:-1\" \/>\n<meta property=\"og:locale\" content=\"vi_VN\" \/>\n<meta property=\"og:type\" content=\"article\" \/>\n<meta property=\"og:title\" content=\"\u0110\u0103ng k\u00fd 888Starz | H\u01b0\u1edbng d\u1eabn c\u00e1ch \u0111\u0103ng k\u00fd\" \/>\n<meta property=\"og:description\" content=\"C\u00e1ch t\u1ea1o t\u00e0i kho\u1ea3n m\u1edbi t\u1ea1i 888Starz Vi\u1ec7t Nam \u00b7 \u0110\u0103ng k\u00fd trang web ch\u00ednh th\u1ee9c c\u1ee7a 888starz \u00b7 \u0110\u0103ng k\u00fd v\u00e0 nh\u1eadn ti\u1ec1n th\u01b0\u1edfng \u0111\u0103ng k\u00fd 100% \u00b7 T\u00ecm hi\u1ec3u c\u00e1ch \u0111\u0103ng k\u00fd t\u1ea1i 888Starz v\u00e0 ho\u00e0n t\u1ea5t qu\u00e1 tr\u00ecnh t\u1ea1o t\u00e0i kho\u1ea3n\" \/>\n<meta property=\"og:url\" content=\"https:\/\/888starzbets.net\/vi\/registration\/\" \/>\n<meta property=\"og:site_name\" content=\"888Starz Team vi\" \/>\n<meta property=\"article:modified_time\" content=\"2025-02-12T11:04:38+00:00\" \/>\n<meta name=\"twitter:card\" content=\"summary_large_image\" \/>\n<script type=\"application\/ld+json\" class=\"yoast-schema-graph\">{\"@context\":\"https:\/\/schema.org\",\"@graph\":[{\"@type\":\"WebPage\",\"@id\":\"https:\/\/888starzbets.net\/vi\/registration\/\",\"url\":\"https:\/\/888starzbets.net\/vi\/registration\/\",\"name\":\"\u0110\u0103ng k\u00fd 888Starz | H\u01b0\u1edbng d\u1eabn c\u00e1ch \u0111\u0103ng k\u00fd\",\"isPartOf\":{\"@id\":\"https:\/\/888starzbets.net\/vi\/#website\"},\"datePublished\":\"2024-10-18T14:50:41+00:00\",\"dateModified\":\"2025-02-12T11:04:38+00:00\",\"description\":\"C\u00e1ch t\u1ea1o t\u00e0i kho\u1ea3n m\u1edbi t\u1ea1i 888Starz Vi\u1ec7t Nam \u00b7 \u0110\u0103ng k\u00fd trang web ch\u00ednh th\u1ee9c c\u1ee7a 888starz \u00b7 \u0110\u0103ng k\u00fd v\u00e0 nh\u1eadn ti\u1ec1n th\u01b0\u1edfng \u0111\u0103ng k\u00fd 100% \u00b7 T\u00ecm hi\u1ec3u c\u00e1ch \u0111\u0103ng k\u00fd t\u1ea1i 888Starz v\u00e0 ho\u00e0n t\u1ea5t qu\u00e1 tr\u00ecnh t\u1ea1o t\u00e0i kho\u1ea3n\",\"inLanguage\":\"vi\",\"potentialAction\":[{\"@type\":\"ReadAction\",\"target\":[\"https:\/\/888starzbets.net\/vi\/registration\/\"]}]},{\"@type\":\"WebSite\",\"@id\":\"https:\/\/888starzbets.net\/vi\/#website\",\"url\":\"https:\/\/888starzbets.net\/vi\/\",\"name\":\"888Starz Team vi\",\"description\":\"My WordPress Blog\",\"potentialAction\":[{\"@type\":\"SearchAction\",\"target\":{\"@type\":\"EntryPoint\",\"urlTemplate\":\"https:\/\/888starzbets.net\/vi\/?s={search_term_string}\"},\"query-input\":{\"@type\":\"PropertyValueSpecification\",\"valueRequired\":true,\"valueName\":\"search_term_string\"}}],\"inLanguage\":\"vi\"}]}<\/script>\n<!-- \/ Yoast SEO plugin. -->","yoast_head_json":{"title":"\u0110\u0103ng k\u00fd 888Starz | H\u01b0\u1edbng d\u1eabn c\u00e1ch \u0111\u0103ng k\u00fd","description":"C\u00e1ch t\u1ea1o t\u00e0i kho\u1ea3n m\u1edbi t\u1ea1i 888Starz Vi\u1ec7t Nam \u00b7 \u0110\u0103ng k\u00fd trang web ch\u00ednh th\u1ee9c c\u1ee7a 888starz \u00b7 \u0110\u0103ng k\u00fd v\u00e0 nh\u1eadn ti\u1ec1n th\u01b0\u1edfng \u0111\u0103ng k\u00fd 100% \u00b7 T\u00ecm hi\u1ec3u c\u00e1ch \u0111\u0103ng k\u00fd t\u1ea1i 888Starz v\u00e0 ho\u00e0n t\u1ea5t qu\u00e1 tr\u00ecnh t\u1ea1o t\u00e0i kho\u1ea3n","robots":{"index":"index","follow":"follow","max-snippet":"max-snippet:-1","max-image-preview":"max-image-preview:large","max-video-preview":"max-video-preview:-1"},"og_locale":"vi_VN","og_type":"article","og_title":"\u0110\u0103ng k\u00fd 888Starz | H\u01b0\u1edbng d\u1eabn c\u00e1ch \u0111\u0103ng k\u00fd","og_description":"C\u00e1ch t\u1ea1o t\u00e0i kho\u1ea3n m\u1edbi t\u1ea1i 888Starz Vi\u1ec7t Nam \u00b7 \u0110\u0103ng k\u00fd trang web ch\u00ednh th\u1ee9c c\u1ee7a 888starz \u00b7 \u0110\u0103ng k\u00fd v\u00e0 nh\u1eadn ti\u1ec1n th\u01b0\u1edfng \u0111\u0103ng k\u00fd 100% \u00b7 T\u00ecm hi\u1ec3u c\u00e1ch \u0111\u0103ng k\u00fd t\u1ea1i 888Starz v\u00e0 ho\u00e0n t\u1ea5t qu\u00e1 tr\u00ecnh t\u1ea1o t\u00e0i kho\u1ea3n","og_url":"https:\/\/888starzbets.net\/vi\/registration\/","og_site_name":"888Starz Team vi","article_modified_time":"2025-02-12T11:04:38+00:00","twitter_card":"summary_large_image","schema":{"@context":"https:\/\/schema.org","@graph":[{"@type":"WebPage","@id":"https:\/\/888starzbets.net\/vi\/registration\/","url":"https:\/\/888starzbets.net\/vi\/registration\/","name":"\u0110\u0103ng k\u00fd 888Starz | H\u01b0\u1edbng d\u1eabn c\u00e1ch \u0111\u0103ng k\u00fd","isPartOf":{"@id":"https:\/\/888starzbets.net\/vi\/#website"},"datePublished":"2024-10-18T14:50:41+00:00","dateModified":"2025-02-12T11:04:38+00:00","description":"C\u00e1ch t\u1ea1o t\u00e0i kho\u1ea3n m\u1edbi t\u1ea1i 888Starz Vi\u1ec7t Nam \u00b7 \u0110\u0103ng k\u00fd trang web ch\u00ednh th\u1ee9c c\u1ee7a 888starz \u00b7 \u0110\u0103ng k\u00fd v\u00e0 nh\u1eadn ti\u1ec1n th\u01b0\u1edfng \u0111\u0103ng k\u00fd 100% \u00b7 T\u00ecm hi\u1ec3u c\u00e1ch \u0111\u0103ng k\u00fd t\u1ea1i 888Starz v\u00e0 ho\u00e0n t\u1ea5t qu\u00e1 tr\u00ecnh t\u1ea1o t\u00e0i kho\u1ea3n","inLanguage":"vi","potentialAction":[{"@type":"ReadAction","target":["https:\/\/888starzbets.net\/vi\/registration\/"]}]},{"@type":"WebSite","@id":"https:\/\/888starzbets.net\/vi\/#website","url":"https:\/\/888starzbets.net\/vi\/","name":"888Starz Team vi","description":"My WordPress Blog","potentialAction":[{"@type":"SearchAction","target":{"@type":"EntryPoint","urlTemplate":"https:\/\/888starzbets.net\/vi\/?s={search_term_string}"},"query-input":{"@type":"PropertyValueSpecification","valueRequired":true,"valueName":"search_term_string"}}],"inLanguage":"vi"}]}},"_links":{"self":[{"href":"https:\/\/888starzbets.net\/vi\/wp-json\/wp\/v2\/pages\/600","targetHints":{"allow":["GET"]}}],"collection":[{"href":"https:\/\/888starzbets.net\/vi\/wp-json\/wp\/v2\/pages"}],"about":[{"href":"https:\/\/888starzbets.net\/vi\/wp-json\/wp\/v2\/types\/page"}],"author":[{"embeddable":true,"href":"https:\/\/888starzbets.net\/vi\/wp-json\/wp\/v2\/users\/1"}],"replies":[{"embeddable":true,"href":"https:\/\/888starzbets.net\/vi\/wp-json\/wp\/v2\/comments?post=600"}],"version-history":[{"count":13,"href":"https:\/\/888starzbets.net\/vi\/wp-json\/wp\/v2\/pages\/600\/revisions"}],"predecessor-version":[{"id":668,"href":"https:\/\/888starzbets.net\/vi\/wp-json\/wp\/v2\/pages\/600\/revisions\/668"}],"wp:attachment":[{"href":"https:\/\/888starzbets.net\/vi\/wp-json\/wp\/v2\/media?parent=600"}],"curies":[{"name":"wp","href":"https:\/\/api.w.org\/{rel}","templated":true}]}}